




{"id":20,"date":"2010-04-09T17:23:58","date_gmt":"2010-04-09T17:23:58","guid":{"rendered":"http:\/\/www.plataformadeartecontemporaneo.com\/pac\/?page_id=20"},"modified":"2018-02-14T16:39:34","modified_gmt":"2018-02-14T15:39:34","slug":"proyectos-pac","status":"publish","type":"page","link":"https:\/\/www.plataformadeartecontemporaneo.com\/pac\/proyectos-pac\/","title":{"rendered":"PROYECTOS PAC"},"content":{"rendered":"<div dir=\"ltr\" style=\"text-align: justify;\">A continuaci\u00f3n pod\u00e9is ver todos los proyectos de promoci\u00f3n de Arte Contempor\u00e1neo organizados por <strong>PAC Plataforma de Arte Contempor\u00e1neo<\/strong>: comisariados, proyectos\u00a0de gesti\u00f3n cultural, entrevistas, videos, subastas, participaci\u00f3n en ferias y festivales, ect.<\/div>\n<h2><strong>#NOPORAMORALARTE<\/strong><\/h2>\n<p><span style=\"color: #000000;\">Iniciativa social para apoyar el trabajo de los artistas pl\u00e1sticos, fot\u00f3grafos, actores, escritores, ilustradores, dise\u00f1adores&#8230;<br \/>\nProyecto 2018. <a href=\"http:\/\/www.plataformadeartecontemporaneo.com\/pac\/hoy-presentamos-noporamoralarte-te-lo-vas-perder\/\">M\u00e1s info.<\/a><\/span><\/p>\n<h2><strong>#ProyectoPuente<br \/>\n<\/strong><\/h2>\n<p><span style=\"color: #000000;\">Embellecimiento del entorno de Benidorm con pinturas murales.<br \/>\nProyecto 2015. <a href=\"http:\/\/www.plataformadeartecontemporaneo.com\/pac\/proyecto-puente\/\">M\u00e1s info.<\/a><\/span><\/p>\n<h2><span style=\"color: #000000;\"><strong>SAU Subasta Arte Urbano<br \/>\n<\/strong><\/span><\/h2>\n<p><span style=\"color: #000000;\">Primera Subasta de Arte Urbano realizada en Espa\u00f1a.<br \/>\nProyecto Febrero 2014. <a href=\"http:\/\/www.plataformadeartecontemporaneo.com\/pac\/sau-primera-subasta-de-arte-urbano-en-espana\/\">M\u00e1s info.<\/a><\/span><\/p>\n<h2><strong>PAC on Tour<br \/>\n<\/strong><\/h2>\n<p><span style=\"color: #000000;\">Invita a disfrutar de una visita virtual de una exposici\u00f3n o evento art\u00edstico a trav\u00e9s de una selecci\u00f3n de im\u00e1genes.<br \/>\nProyecto 2014. <a href=\"http:\/\/www.plataformadeartecontemporaneo.com\/pac\/category\/pac-on-tour\/\">M\u00e1s info.<\/a><\/span><\/p>\n<h2><span style=\"color: #000000;\"><strong>Ensayos Absolut<br \/>\n<\/strong><\/span><\/h2>\n<p><span style=\"color: #000000;\">Archivo de ensayos sobre los diferentes \u00e1mbitos del arte contempor\u00e1neos escritos por comisarios, artistas, galeristas, blogger&#8230;<br \/>\nProyecto 2014-actualidad. <a href=\"http:\/\/www.plataformadeartecontemporaneo.com\/pac\/ensayos-absolut\/\">M\u00e1s info.<\/a><\/span><\/p>\n<h2><span style=\"color: #000000;\"><strong>En el Taller de<br \/>\n<\/strong><\/span><\/h2>\n<p><span style=\"color: #000000;\"> Archivo\u00a0internacional de v\u00eddeos realizados en el Taller de artistas contempor\u00e1neos.<br \/>\nProyecto 2012-actualidad. <a title=\"En el Taller de...\" href=\"http:\/\/www.plataformadeartecontemporaneo.com\/pac\/en-el-taller-de\/\" target=\"_self\">M\u00e1s info.<\/a><\/span><\/p>\n<h2><span style=\"color: #000000;\"><strong>Ferias y Festivales<\/strong><\/span><\/h2>\n<p><span style=\"color: #000000;\">Participaci\u00f3n o colaboraci\u00f3n en ferias de arte contempor\u00e1neo.<br \/>\n<a href=\"http:\/\/www.plataformadeartecontemporaneo.com\/pac\/ferias\/\" target=\"_self\">M\u00e1s info<\/a>.<\/span><\/p>\n<h2><span style=\"color: #000000;\"><strong>Proyectos COMISARIADOS<\/strong><\/span><\/h2>\n<p><span style=\"color: #000000;\">Proyectos expositivos individuales y colectivos comisariados por PAC.<br \/>\nProyecto 2011-actualidad. <a href=\"http:\/\/www.plataformadeartecontemporaneo.com\/pac\/proyectos-comisariados\/\" target=\"_self\">M\u00e1s info<\/a>.<\/span><\/p>\n<h2><span style=\"color: #000000;\"><strong>Proyecto ARTISTS INTERVIEWS<\/strong><\/span><\/h2>\n<p><span style=\"color: #000000;\">Archivo\u00a0internacional de entrevistas realizadas a artistas contempor\u00e1neos.<br \/>\nProyecto 2010-actualidad. <a href=\"http:\/\/www.plataformadeartecontemporaneo.com\/pac\/entrevistas\/\">M\u00e1s info.<\/a><\/span><\/p>\n<h2><\/h2>\n","protected":false},"excerpt":{"rendered":"<div class=\"tmnf_excerpt\"><p>A continuaci\u00f3n pod\u00e9is ver todos los proyectos de promoci\u00f3n de Arte Contempor\u00e1neo organizados por PAC Plataforma de Arte Contempor\u00e1neo: comisariados, proyectos\u00a0de gesti\u00f3n cultural, entrevistas, videos, subastas, participaci\u00f3n en ferias y festivales, ect. #NOPORAMORALARTE Iniciativa social para apoyar el trabajo de los artistas pl\u00e1sticos, fot\u00f3grafos, actores, escritores, ilustradores, dise\u00f1adores&#8230; Proyecto 2018. M\u00e1s info. #ProyectoPuente Embellecimiento del &hellip;<\/p>\n<\/div>","protected":false},"author":2,"featured_media":0,"parent":0,"menu_order":6,"comment_status":"closed","ping_status":"closed","template":"","meta":{"footnotes":""},"class_list":["post-20","page","type-page","status-publish","hentry"],"yoast_head":"<!-- This site is optimized with the Yoast SEO plugin v27.4 - https:\/\/yoast.com\/product\/yoast-seo-wordpress\/ -->\n<title>PAC | PROYECTOS PAC<\/title>\n<meta name=\"robots\" content=\"index, follow, max-snippet:-1, max-image-preview:large, max-video-preview:-1\" \/>\n<link rel=\"canonical\" href=\"https:\/\/www.plataformadeartecontemporaneo.com\/pac\/proyectos-pac\/\" \/>\n<meta property=\"og:locale\" content=\"es_ES\" \/>\n<meta property=\"og:type\" content=\"article\" \/>\n<meta property=\"og:title\" content=\"PAC | PROYECTOS PAC\" \/>\n<meta property=\"og:description\" content=\"A continuaci\u00f3n pod\u00e9is ver todos los proyectos de promoci\u00f3n de Arte Contempor\u00e1neo organizados por PAC Plataforma de Arte Contempor\u00e1neo: comisariados, proyectos\u00a0de gesti\u00f3n cultural, entrevistas, videos, subastas, participaci\u00f3n en ferias y festivales, ect. #NOPORAMORALARTE Iniciativa social para apoyar el trabajo de los artistas pl\u00e1sticos, fot\u00f3grafos, actores, escritores, ilustradores, dise\u00f1adores&#8230; Proyecto 2018. M\u00e1s info. #ProyectoPuente Embellecimiento del &hellip;\" \/>\n<meta property=\"og:url\" content=\"https:\/\/www.plataformadeartecontemporaneo.com\/pac\/proyectos-pac\/\" \/>\n<meta property=\"og:site_name\" content=\"PAC\" \/>\n<meta property=\"article:modified_time\" content=\"2018-02-14T15:39:34+00:00\" \/>\n<meta name=\"twitter:label1\" content=\"Tiempo de lectura\" \/>\n\t<meta name=\"twitter:data1\" content=\"1 minuto\" \/>\n<script type=\"application\/ld+json\" class=\"yoast-schema-graph\">{\"@context\":\"https:\\\/\\\/schema.org\",\"@graph\":[{\"@type\":\"WebPage\",\"@id\":\"https:\\\/\\\/www.plataformadeartecontemporaneo.com\\\/pac\\\/proyectos-pac\\\/\",\"url\":\"https:\\\/\\\/www.plataformadeartecontemporaneo.com\\\/pac\\\/proyectos-pac\\\/\",\"name\":\"PAC | PROYECTOS PAC\",\"isPartOf\":{\"@id\":\"https:\\\/\\\/www.plataformadeartecontemporaneo.com\\\/pac\\\/#website\"},\"datePublished\":\"2010-04-09T17:23:58+00:00\",\"dateModified\":\"2018-02-14T15:39:34+00:00\",\"breadcrumb\":{\"@id\":\"https:\\\/\\\/www.plataformadeartecontemporaneo.com\\\/pac\\\/proyectos-pac\\\/#breadcrumb\"},\"inLanguage\":\"es\",\"potentialAction\":[{\"@type\":\"ReadAction\",\"target\":[\"https:\\\/\\\/www.plataformadeartecontemporaneo.com\\\/pac\\\/proyectos-pac\\\/\"]}]},{\"@type\":\"BreadcrumbList\",\"@id\":\"https:\\\/\\\/www.plataformadeartecontemporaneo.com\\\/pac\\\/proyectos-pac\\\/#breadcrumb\",\"itemListElement\":[{\"@type\":\"ListItem\",\"position\":1,\"name\":\"Portada\",\"item\":\"https:\\\/\\\/www.plataformadeartecontemporaneo.com\\\/pac\\\/\"},{\"@type\":\"ListItem\",\"position\":2,\"name\":\"PROYECTOS PAC\"}]},{\"@type\":\"WebSite\",\"@id\":\"https:\\\/\\\/www.plataformadeartecontemporaneo.com\\\/pac\\\/#website\",\"url\":\"https:\\\/\\\/www.plataformadeartecontemporaneo.com\\\/pac\\\/\",\"name\":\"PAC\",\"description\":\"Plataforma de Arte Contempor\u00e1neo\",\"publisher\":{\"@id\":\"https:\\\/\\\/www.plataformadeartecontemporaneo.com\\\/pac\\\/#organization\"},\"potentialAction\":[{\"@type\":\"SearchAction\",\"target\":{\"@type\":\"EntryPoint\",\"urlTemplate\":\"https:\\\/\\\/www.plataformadeartecontemporaneo.com\\\/pac\\\/?s={search_term_string}\"},\"query-input\":{\"@type\":\"PropertyValueSpecification\",\"valueRequired\":true,\"valueName\":\"search_term_string\"}}],\"inLanguage\":\"es\"},{\"@type\":\"Organization\",\"@id\":\"https:\\\/\\\/www.plataformadeartecontemporaneo.com\\\/pac\\\/#organization\",\"name\":\"PAC\",\"url\":\"https:\\\/\\\/www.plataformadeartecontemporaneo.com\\\/pac\\\/\",\"logo\":{\"@type\":\"ImageObject\",\"inLanguage\":\"es\",\"@id\":\"https:\\\/\\\/www.plataformadeartecontemporaneo.com\\\/pac\\\/#\\\/schema\\\/logo\\\/image\\\/\",\"url\":\"https:\\\/\\\/www.plataformadeartecontemporaneo.com\\\/pac\\\/wp-content\\\/uploads\\\/2020\\\/10\\\/LOGO-PAC-FOOTER-TRANSPARENTE.png\",\"contentUrl\":\"https:\\\/\\\/www.plataformadeartecontemporaneo.com\\\/pac\\\/wp-content\\\/uploads\\\/2020\\\/10\\\/LOGO-PAC-FOOTER-TRANSPARENTE.png\",\"width\":200,\"height\":48,\"caption\":\"PAC\"},\"image\":{\"@id\":\"https:\\\/\\\/www.plataformadeartecontemporaneo.com\\\/pac\\\/#\\\/schema\\\/logo\\\/image\\\/\"}}]}<\/script>\n<!-- \/ Yoast SEO plugin. -->","yoast_head_json":{"title":"PAC | PROYECTOS PAC","robots":{"index":"index","follow":"follow","max-snippet":"max-snippet:-1","max-image-preview":"max-image-preview:large","max-video-preview":"max-video-preview:-1"},"canonical":"https:\/\/www.plataformadeartecontemporaneo.com\/pac\/proyectos-pac\/","og_locale":"es_ES","og_type":"article","og_title":"PAC | PROYECTOS PAC","og_description":"A continuaci\u00f3n pod\u00e9is ver todos los proyectos de promoci\u00f3n de Arte Contempor\u00e1neo organizados por PAC Plataforma de Arte Contempor\u00e1neo: comisariados, proyectos\u00a0de gesti\u00f3n cultural, entrevistas, videos, subastas, participaci\u00f3n en ferias y festivales, ect. #NOPORAMORALARTE Iniciativa social para apoyar el trabajo de los artistas pl\u00e1sticos, fot\u00f3grafos, actores, escritores, ilustradores, dise\u00f1adores&#8230; Proyecto 2018. M\u00e1s info. #ProyectoPuente Embellecimiento del &hellip;","og_url":"https:\/\/www.plataformadeartecontemporaneo.com\/pac\/proyectos-pac\/","og_site_name":"PAC","article_modified_time":"2018-02-14T15:39:34+00:00","twitter_misc":{"Tiempo de lectura":"1 minuto"},"schema":{"@context":"https:\/\/schema.org","@graph":[{"@type":"WebPage","@id":"https:\/\/www.plataformadeartecontemporaneo.com\/pac\/proyectos-pac\/","url":"https:\/\/www.plataformadeartecontemporaneo.com\/pac\/proyectos-pac\/","name":"PAC | PROYECTOS PAC","isPartOf":{"@id":"https:\/\/www.plataformadeartecontemporaneo.com\/pac\/#website"},"datePublished":"2010-04-09T17:23:58+00:00","dateModified":"2018-02-14T15:39:34+00:00","breadcrumb":{"@id":"https:\/\/www.plataformadeartecontemporaneo.com\/pac\/proyectos-pac\/#breadcrumb"},"inLanguage":"es","potentialAction":[{"@type":"ReadAction","target":["https:\/\/www.plataformadeartecontemporaneo.com\/pac\/proyectos-pac\/"]}]},{"@type":"BreadcrumbList","@id":"https:\/\/www.plataformadeartecontemporaneo.com\/pac\/proyectos-pac\/#breadcrumb","itemListElement":[{"@type":"ListItem","position":1,"name":"Portada","item":"https:\/\/www.plataformadeartecontemporaneo.com\/pac\/"},{"@type":"ListItem","position":2,"name":"PROYECTOS PAC"}]},{"@type":"WebSite","@id":"https:\/\/www.plataformadeartecontemporaneo.com\/pac\/#website","url":"https:\/\/www.plataformadeartecontemporaneo.com\/pac\/","name":"PAC","description":"Plataforma de Arte Contempor\u00e1neo","publisher":{"@id":"https:\/\/www.plataformadeartecontemporaneo.com\/pac\/#organization"},"potentialAction":[{"@type":"SearchAction","target":{"@type":"EntryPoint","urlTemplate":"https:\/\/www.plataformadeartecontemporaneo.com\/pac\/?s={search_term_string}"},"query-input":{"@type":"PropertyValueSpecification","valueRequired":true,"valueName":"search_term_string"}}],"inLanguage":"es"},{"@type":"Organization","@id":"https:\/\/www.plataformadeartecontemporaneo.com\/pac\/#organization","name":"PAC","url":"https:\/\/www.plataformadeartecontemporaneo.com\/pac\/","logo":{"@type":"ImageObject","inLanguage":"es","@id":"https:\/\/www.plataformadeartecontemporaneo.com\/pac\/#\/schema\/logo\/image\/","url":"https:\/\/www.plataformadeartecontemporaneo.com\/pac\/wp-content\/uploads\/2020\/10\/LOGO-PAC-FOOTER-TRANSPARENTE.png","contentUrl":"https:\/\/www.plataformadeartecontemporaneo.com\/pac\/wp-content\/uploads\/2020\/10\/LOGO-PAC-FOOTER-TRANSPARENTE.png","width":200,"height":48,"caption":"PAC"},"image":{"@id":"https:\/\/www.plataformadeartecontemporaneo.com\/pac\/#\/schema\/logo\/image\/"}}]}},"_links":{"self":[{"href":"https:\/\/www.plataformadeartecontemporaneo.com\/pac\/wp-json\/wp\/v2\/pages\/20","targetHints":{"allow":["GET"]}}],"collection":[{"href":"https:\/\/www.plataformadeartecontemporaneo.com\/pac\/wp-json\/wp\/v2\/pages"}],"about":[{"href":"https:\/\/www.plataformadeartecontemporaneo.com\/pac\/wp-json\/wp\/v2\/types\/page"}],"author":[{"embeddable":true,"href":"https:\/\/www.plataformadeartecontemporaneo.com\/pac\/wp-json\/wp\/v2\/users\/2"}],"replies":[{"embeddable":true,"href":"https:\/\/www.plataformadeartecontemporaneo.com\/pac\/wp-json\/wp\/v2\/comments?post=20"}],"version-history":[{"count":61,"href":"https:\/\/www.plataformadeartecontemporaneo.com\/pac\/wp-json\/wp\/v2\/pages\/20\/revisions"}],"predecessor-version":[{"id":51100,"href":"https:\/\/www.plataformadeartecontemporaneo.com\/pac\/wp-json\/wp\/v2\/pages\/20\/revisions\/51100"}],"wp:attachment":[{"href":"https:\/\/www.plataformadeartecontemporaneo.com\/pac\/wp-json\/wp\/v2\/media?parent=20"}],"curies":[{"name":"wp","href":"https:\/\/api.w.org\/{rel}","templated":true}]}}