




{"id":25681,"date":"2014-03-11T09:48:28","date_gmt":"2014-03-11T09:48:28","guid":{"rendered":"http:\/\/www.plataformadeartecontemporaneo.com\/pac\/?page_id=25681"},"modified":"2015-08-23T23:48:21","modified_gmt":"2015-08-23T21:48:21","slug":"ensayos-absolut","status":"publish","type":"page","link":"https:\/\/www.plataformadeartecontemporaneo.com\/pac\/ensayos-absolut\/","title":{"rendered":"ENSAYOS ABSOLUT"},"content":{"rendered":"<p style=\"text-align: justify;\">El proyecto\u00a0<strong>Ensayos Absolut<\/strong> pretende crear un archivo de ensayos que reflexionen sobre los diferentes \u00e1mbitos del arte contempor\u00e1neos. <em>Cr\u00edticos, comisarios, artistas, galeristas, blogger, coleccionistas<\/em>\u2026 seleccionados por <strong>PAC Plataforma de Arte Contempor\u00e1neo<\/strong> versar\u00e1n sobre diversos temas relacionados con el arte m\u00e1s actual. Una mirada contempor\u00e1nea sobre el arte que apuesta por un nuevo modelo de cr\u00edtica.\u00a0<strong>ABSOLUT<\/strong> en su decidido apoyo al arte contempor\u00e1neo se une a este proyecto con su patrocinio.<\/p>\n<p style=\"text-align: center;\"><a href=\"#\"><img fetchpriority=\"high\" decoding=\"async\" class=\"size-full wp-image-28771 aligncenter\" title=\"Ensayos ABSOLUT by PAC\" src=\"http:\/\/www.plataformadeartecontemporaneo.com\/pac\/wp-content\/uploads\/2014\/03\/Ensayos-ABSOLUT-by-PAC1.jpg\" alt=\"\" width=\"500\" height=\"210\" srcset=\"https:\/\/www.plataformadeartecontemporaneo.com\/pac\/wp-content\/uploads\/2014\/03\/Ensayos-ABSOLUT-by-PAC1.jpg 500w, https:\/\/www.plataformadeartecontemporaneo.com\/pac\/wp-content\/uploads\/2014\/03\/Ensayos-ABSOLUT-by-PAC1-466x195.jpg 466w\" sizes=\"(max-width: 500px) 100vw, 500px\" \/><br \/>\n<\/a><\/p>\n<p><strong>Archivo de Ensayos ABSOLUT<\/strong><\/p>\n<ul class=\"lcp_catlist\" id=\"lcp_instance_0\"><li><a href=\"https:\/\/www.plataformadeartecontemporaneo.com\/pac\/notas-sobre-el-galerismo-de-arte-contemporaneo-en-espana\/\">Notas sobre el galerismo de arte contempor\u00e1neo en Espa\u00f1a<\/a>  27 mayo, 2015Chema de Francisco Guinea<\/li><li><a href=\"https:\/\/www.plataformadeartecontemporaneo.com\/pac\/reflexiones-abiertas-acerca-del-valor-y-del-precio-de-una-obra-de-arte-contemporaneo\/\">Reflexiones abiertas acerca del valor y del precio de una obra de arte contempor\u00e1neo<\/a>  6 abril, 2015Nicola Mariani<\/li><li><a href=\"https:\/\/www.plataformadeartecontemporaneo.com\/pac\/el-critico-de-arte-de-enterrador-enterrado\/\">El cr\u00edtico de arte: de enterrador a enterrado<\/a>  9 marzo, 2015Marisol Salanova<\/li><li><a href=\"https:\/\/www.plataformadeartecontemporaneo.com\/pac\/arte-urbano-visiones-parciales\/\">Arte urbano | Visiones parciales<\/a>  9 febrero, 2015Guillermo de la Madrid<\/li><li><a href=\"https:\/\/www.plataformadeartecontemporaneo.com\/pac\/galerias-sumergentes\/\">Galer\u00edas Sumergentes<\/a>  7 enero, 2015Jacobo Fitz-James Stuart<\/li><li><a href=\"https:\/\/www.plataformadeartecontemporaneo.com\/pac\/artistas-de-mierda\/\">Artistas de mierda<\/a>  4 diciembre, 2014Abel Azcona<\/li><li><a href=\"https:\/\/www.plataformadeartecontemporaneo.com\/pac\/tiene-sentido-el-feminismo-en-el-arte-en-el-presente\/\">\u00bfTiene sentido el feminismo en el arte en el presente?<\/a>  3 noviembre, 2014Sem\u00edramis Gonz\u00e1lez<\/li><li><a href=\"https:\/\/www.plataformadeartecontemporaneo.com\/pac\/editar-con-los-cinco-sentidos\/\">Editar con los cinco sentidos<\/a>  8 octubre, 2014Noem\u00ed M\u00e9ndez<\/li><li><a href=\"https:\/\/www.plataformadeartecontemporaneo.com\/pac\/la-vision-distorsionada\/\">La visi\u00f3n distorsionada<\/a>  16 septiembre, 2014Black refuge. Ismael Chappaz \/ Juanma Menero \/ Mar\u00eda Tinoco<\/li><li><a href=\"https:\/\/www.plataformadeartecontemporaneo.com\/pac\/el-blogger-de-arte-del-futuro-sera-un-knowmad\/\">El blogger de arte del futuro ser\u00e1 un knowmad<\/a>  14 julio, 2014Pilar DM (El Dado del Arte)<\/li><li><a href=\"https:\/\/www.plataformadeartecontemporaneo.com\/pac\/el-museo-bisagra-activa-entre-la-esfera-de-la-creacion-y-la-esfera-de-la-recepcion\/\">El Museo: bisagra activa entre la esfera de la creaci\u00f3n y la esfera de la recepci\u00f3n<\/a>  17 junio, 2014Cristina Fontaneda Berthet<\/li><li><a href=\"https:\/\/www.plataformadeartecontemporaneo.com\/pac\/hacer-para-deshacer-notas-a-vuelapluma-para-un-cambio-de-paradigma-a-traves-del-arte\/\">Hacer para deshacer. Notas a vuelapluma para un cambio de paradigma a trav\u00e9s del arte<\/a>  19 mayo, 2014Jos\u00e9 Luis Serzo<\/li><li><a href=\"https:\/\/www.plataformadeartecontemporaneo.com\/pac\/%c2%bfde-quien-es-una-exposicion\/\">\u00bfDe qui\u00e9n es una exposici\u00f3n?<\/a>  14 abril, 2014Mart\u00ed Manen<\/li><li><a href=\"https:\/\/www.plataformadeartecontemporaneo.com\/pac\/%c2%bfpara-que-sirve-un-comisario\/\">\u00bfPara qu\u00e9 sirve un comisario?<\/a>  12 marzo, 2014Carlos Delgado Mayordomo<\/li><\/ul>\n","protected":false},"excerpt":{"rendered":"<div class=\"tmnf_excerpt\"><p>El proyecto\u00a0Ensayos Absolut pretende crear un archivo de ensayos que reflexionen sobre los diferentes \u00e1mbitos del arte contempor\u00e1neos. Cr\u00edticos, comisarios, artistas, galeristas, blogger, coleccionistas\u2026 seleccionados por PAC Plataforma de Arte Contempor\u00e1neo versar\u00e1n sobre diversos temas relacionados con el arte m\u00e1s actual. Una mirada contempor\u00e1nea sobre el arte que apuesta por un nuevo modelo de cr\u00edtica.\u00a0ABSOLUT &hellip;<\/p>\n<\/div>","protected":false},"author":1,"featured_media":0,"parent":0,"menu_order":0,"comment_status":"closed","ping_status":"closed","template":"","meta":{"footnotes":""},"class_list":["post-25681","page","type-page","status-publish","hentry"],"yoast_head":"<!-- This site is optimized with the Yoast SEO plugin v27.4 - https:\/\/yoast.com\/product\/yoast-seo-wordpress\/ -->\n<title>PAC | ENSAYOS ABSOLUT<\/title>\n<meta name=\"description\" content=\"El proyecto Ensayos Absolut pretende crear un archivo de ensayos que reflexionen sobre los diferentes \u00e1mbitos del arte contempor\u00e1neos.\" \/>\n<meta name=\"robots\" content=\"index, follow, max-snippet:-1, max-image-preview:large, max-video-preview:-1\" \/>\n<link rel=\"canonical\" href=\"https:\/\/www.plataformadeartecontemporaneo.com\/pac\/ensayos-absolut\/\" \/>\n<meta property=\"og:locale\" content=\"es_ES\" \/>\n<meta property=\"og:type\" content=\"article\" \/>\n<meta property=\"og:title\" content=\"PAC | ENSAYOS ABSOLUT\" \/>\n<meta property=\"og:description\" content=\"El proyecto Ensayos Absolut pretende crear un archivo de ensayos que reflexionen sobre los diferentes \u00e1mbitos del arte contempor\u00e1neos.\" \/>\n<meta property=\"og:url\" content=\"https:\/\/www.plataformadeartecontemporaneo.com\/pac\/ensayos-absolut\/\" \/>\n<meta property=\"og:site_name\" content=\"PAC\" \/>\n<meta property=\"article:modified_time\" content=\"2015-08-23T21:48:21+00:00\" \/>\n<meta property=\"og:image\" content=\"http:\/\/www.plataformadeartecontemporaneo.com\/pac\/wp-content\/uploads\/2014\/03\/Ensayos-ABSOLUT-by-PAC1.jpg\" \/>\n<script type=\"application\/ld+json\" class=\"yoast-schema-graph\">{\"@context\":\"https:\\\/\\\/schema.org\",\"@graph\":[{\"@type\":\"WebPage\",\"@id\":\"https:\\\/\\\/www.plataformadeartecontemporaneo.com\\\/pac\\\/ensayos-absolut\\\/\",\"url\":\"https:\\\/\\\/www.plataformadeartecontemporaneo.com\\\/pac\\\/ensayos-absolut\\\/\",\"name\":\"PAC | ENSAYOS ABSOLUT\",\"isPartOf\":{\"@id\":\"https:\\\/\\\/www.plataformadeartecontemporaneo.com\\\/pac\\\/#website\"},\"primaryImageOfPage\":{\"@id\":\"https:\\\/\\\/www.plataformadeartecontemporaneo.com\\\/pac\\\/ensayos-absolut\\\/#primaryimage\"},\"image\":{\"@id\":\"https:\\\/\\\/www.plataformadeartecontemporaneo.com\\\/pac\\\/ensayos-absolut\\\/#primaryimage\"},\"thumbnailUrl\":\"http:\\\/\\\/www.plataformadeartecontemporaneo.com\\\/pac\\\/wp-content\\\/uploads\\\/2014\\\/03\\\/Ensayos-ABSOLUT-by-PAC1.jpg\",\"datePublished\":\"2014-03-11T09:48:28+00:00\",\"dateModified\":\"2015-08-23T21:48:21+00:00\",\"description\":\"El proyecto Ensayos Absolut pretende crear un archivo de ensayos que reflexionen sobre los diferentes \u00e1mbitos del arte contempor\u00e1neos.\",\"breadcrumb\":{\"@id\":\"https:\\\/\\\/www.plataformadeartecontemporaneo.com\\\/pac\\\/ensayos-absolut\\\/#breadcrumb\"},\"inLanguage\":\"es\",\"potentialAction\":[{\"@type\":\"ReadAction\",\"target\":[\"https:\\\/\\\/www.plataformadeartecontemporaneo.com\\\/pac\\\/ensayos-absolut\\\/\"]}]},{\"@type\":\"ImageObject\",\"inLanguage\":\"es\",\"@id\":\"https:\\\/\\\/www.plataformadeartecontemporaneo.com\\\/pac\\\/ensayos-absolut\\\/#primaryimage\",\"url\":\"http:\\\/\\\/www.plataformadeartecontemporaneo.com\\\/pac\\\/wp-content\\\/uploads\\\/2014\\\/03\\\/Ensayos-ABSOLUT-by-PAC1.jpg\",\"contentUrl\":\"http:\\\/\\\/www.plataformadeartecontemporaneo.com\\\/pac\\\/wp-content\\\/uploads\\\/2014\\\/03\\\/Ensayos-ABSOLUT-by-PAC1.jpg\"},{\"@type\":\"BreadcrumbList\",\"@id\":\"https:\\\/\\\/www.plataformadeartecontemporaneo.com\\\/pac\\\/ensayos-absolut\\\/#breadcrumb\",\"itemListElement\":[{\"@type\":\"ListItem\",\"position\":1,\"name\":\"Portada\",\"item\":\"https:\\\/\\\/www.plataformadeartecontemporaneo.com\\\/pac\\\/\"},{\"@type\":\"ListItem\",\"position\":2,\"name\":\"ENSAYOS ABSOLUT\"}]},{\"@type\":\"WebSite\",\"@id\":\"https:\\\/\\\/www.plataformadeartecontemporaneo.com\\\/pac\\\/#website\",\"url\":\"https:\\\/\\\/www.plataformadeartecontemporaneo.com\\\/pac\\\/\",\"name\":\"PAC\",\"description\":\"Plataforma de Arte Contempor\u00e1neo\",\"publisher\":{\"@id\":\"https:\\\/\\\/www.plataformadeartecontemporaneo.com\\\/pac\\\/#organization\"},\"potentialAction\":[{\"@type\":\"SearchAction\",\"target\":{\"@type\":\"EntryPoint\",\"urlTemplate\":\"https:\\\/\\\/www.plataformadeartecontemporaneo.com\\\/pac\\\/?s={search_term_string}\"},\"query-input\":{\"@type\":\"PropertyValueSpecification\",\"valueRequired\":true,\"valueName\":\"search_term_string\"}}],\"inLanguage\":\"es\"},{\"@type\":\"Organization\",\"@id\":\"https:\\\/\\\/www.plataformadeartecontemporaneo.com\\\/pac\\\/#organization\",\"name\":\"PAC\",\"url\":\"https:\\\/\\\/www.plataformadeartecontemporaneo.com\\\/pac\\\/\",\"logo\":{\"@type\":\"ImageObject\",\"inLanguage\":\"es\",\"@id\":\"https:\\\/\\\/www.plataformadeartecontemporaneo.com\\\/pac\\\/#\\\/schema\\\/logo\\\/image\\\/\",\"url\":\"https:\\\/\\\/www.plataformadeartecontemporaneo.com\\\/pac\\\/wp-content\\\/uploads\\\/2020\\\/10\\\/LOGO-PAC-FOOTER-TRANSPARENTE.png\",\"contentUrl\":\"https:\\\/\\\/www.plataformadeartecontemporaneo.com\\\/pac\\\/wp-content\\\/uploads\\\/2020\\\/10\\\/LOGO-PAC-FOOTER-TRANSPARENTE.png\",\"width\":200,\"height\":48,\"caption\":\"PAC\"},\"image\":{\"@id\":\"https:\\\/\\\/www.plataformadeartecontemporaneo.com\\\/pac\\\/#\\\/schema\\\/logo\\\/image\\\/\"}}]}<\/script>\n<!-- \/ Yoast SEO plugin. -->","yoast_head_json":{"title":"PAC | ENSAYOS ABSOLUT","description":"El proyecto Ensayos Absolut pretende crear un archivo de ensayos que reflexionen sobre los diferentes \u00e1mbitos del arte contempor\u00e1neos.","robots":{"index":"index","follow":"follow","max-snippet":"max-snippet:-1","max-image-preview":"max-image-preview:large","max-video-preview":"max-video-preview:-1"},"canonical":"https:\/\/www.plataformadeartecontemporaneo.com\/pac\/ensayos-absolut\/","og_locale":"es_ES","og_type":"article","og_title":"PAC | ENSAYOS ABSOLUT","og_description":"El proyecto Ensayos Absolut pretende crear un archivo de ensayos que reflexionen sobre los diferentes \u00e1mbitos del arte contempor\u00e1neos.","og_url":"https:\/\/www.plataformadeartecontemporaneo.com\/pac\/ensayos-absolut\/","og_site_name":"PAC","article_modified_time":"2015-08-23T21:48:21+00:00","og_image":[{"url":"http:\/\/www.plataformadeartecontemporaneo.com\/pac\/wp-content\/uploads\/2014\/03\/Ensayos-ABSOLUT-by-PAC1.jpg","type":"","width":"","height":""}],"schema":{"@context":"https:\/\/schema.org","@graph":[{"@type":"WebPage","@id":"https:\/\/www.plataformadeartecontemporaneo.com\/pac\/ensayos-absolut\/","url":"https:\/\/www.plataformadeartecontemporaneo.com\/pac\/ensayos-absolut\/","name":"PAC | ENSAYOS ABSOLUT","isPartOf":{"@id":"https:\/\/www.plataformadeartecontemporaneo.com\/pac\/#website"},"primaryImageOfPage":{"@id":"https:\/\/www.plataformadeartecontemporaneo.com\/pac\/ensayos-absolut\/#primaryimage"},"image":{"@id":"https:\/\/www.plataformadeartecontemporaneo.com\/pac\/ensayos-absolut\/#primaryimage"},"thumbnailUrl":"http:\/\/www.plataformadeartecontemporaneo.com\/pac\/wp-content\/uploads\/2014\/03\/Ensayos-ABSOLUT-by-PAC1.jpg","datePublished":"2014-03-11T09:48:28+00:00","dateModified":"2015-08-23T21:48:21+00:00","description":"El proyecto Ensayos Absolut pretende crear un archivo de ensayos que reflexionen sobre los diferentes \u00e1mbitos del arte contempor\u00e1neos.","breadcrumb":{"@id":"https:\/\/www.plataformadeartecontemporaneo.com\/pac\/ensayos-absolut\/#breadcrumb"},"inLanguage":"es","potentialAction":[{"@type":"ReadAction","target":["https:\/\/www.plataformadeartecontemporaneo.com\/pac\/ensayos-absolut\/"]}]},{"@type":"ImageObject","inLanguage":"es","@id":"https:\/\/www.plataformadeartecontemporaneo.com\/pac\/ensayos-absolut\/#primaryimage","url":"http:\/\/www.plataformadeartecontemporaneo.com\/pac\/wp-content\/uploads\/2014\/03\/Ensayos-ABSOLUT-by-PAC1.jpg","contentUrl":"http:\/\/www.plataformadeartecontemporaneo.com\/pac\/wp-content\/uploads\/2014\/03\/Ensayos-ABSOLUT-by-PAC1.jpg"},{"@type":"BreadcrumbList","@id":"https:\/\/www.plataformadeartecontemporaneo.com\/pac\/ensayos-absolut\/#breadcrumb","itemListElement":[{"@type":"ListItem","position":1,"name":"Portada","item":"https:\/\/www.plataformadeartecontemporaneo.com\/pac\/"},{"@type":"ListItem","position":2,"name":"ENSAYOS ABSOLUT"}]},{"@type":"WebSite","@id":"https:\/\/www.plataformadeartecontemporaneo.com\/pac\/#website","url":"https:\/\/www.plataformadeartecontemporaneo.com\/pac\/","name":"PAC","description":"Plataforma de Arte Contempor\u00e1neo","publisher":{"@id":"https:\/\/www.plataformadeartecontemporaneo.com\/pac\/#organization"},"potentialAction":[{"@type":"SearchAction","target":{"@type":"EntryPoint","urlTemplate":"https:\/\/www.plataformadeartecontemporaneo.com\/pac\/?s={search_term_string}"},"query-input":{"@type":"PropertyValueSpecification","valueRequired":true,"valueName":"search_term_string"}}],"inLanguage":"es"},{"@type":"Organization","@id":"https:\/\/www.plataformadeartecontemporaneo.com\/pac\/#organization","name":"PAC","url":"https:\/\/www.plataformadeartecontemporaneo.com\/pac\/","logo":{"@type":"ImageObject","inLanguage":"es","@id":"https:\/\/www.plataformadeartecontemporaneo.com\/pac\/#\/schema\/logo\/image\/","url":"https:\/\/www.plataformadeartecontemporaneo.com\/pac\/wp-content\/uploads\/2020\/10\/LOGO-PAC-FOOTER-TRANSPARENTE.png","contentUrl":"https:\/\/www.plataformadeartecontemporaneo.com\/pac\/wp-content\/uploads\/2020\/10\/LOGO-PAC-FOOTER-TRANSPARENTE.png","width":200,"height":48,"caption":"PAC"},"image":{"@id":"https:\/\/www.plataformadeartecontemporaneo.com\/pac\/#\/schema\/logo\/image\/"}}]}},"_links":{"self":[{"href":"https:\/\/www.plataformadeartecontemporaneo.com\/pac\/wp-json\/wp\/v2\/pages\/25681","targetHints":{"allow":["GET"]}}],"collection":[{"href":"https:\/\/www.plataformadeartecontemporaneo.com\/pac\/wp-json\/wp\/v2\/pages"}],"about":[{"href":"https:\/\/www.plataformadeartecontemporaneo.com\/pac\/wp-json\/wp\/v2\/types\/page"}],"author":[{"embeddable":true,"href":"https:\/\/www.plataformadeartecontemporaneo.com\/pac\/wp-json\/wp\/v2\/users\/1"}],"replies":[{"embeddable":true,"href":"https:\/\/www.plataformadeartecontemporaneo.com\/pac\/wp-json\/wp\/v2\/comments?post=25681"}],"version-history":[{"count":18,"href":"https:\/\/www.plataformadeartecontemporaneo.com\/pac\/wp-json\/wp\/v2\/pages\/25681\/revisions"}],"predecessor-version":[{"id":36696,"href":"https:\/\/www.plataformadeartecontemporaneo.com\/pac\/wp-json\/wp\/v2\/pages\/25681\/revisions\/36696"}],"wp:attachment":[{"href":"https:\/\/www.plataformadeartecontemporaneo.com\/pac\/wp-json\/wp\/v2\/media?parent=25681"}],"curies":[{"name":"wp","href":"https:\/\/api.w.org\/{rel}","templated":true}]}}