




{"id":377,"date":"2010-05-07T11:59:23","date_gmt":"2010-05-07T11:59:23","guid":{"rendered":"http:\/\/www.plataformadeartecontemporaneo.com\/pac\/?page_id=377"},"modified":"2026-03-26T20:02:45","modified_gmt":"2026-03-26T19:02:45","slug":"newsletter","status":"publish","type":"page","link":"https:\/\/www.plataformadeartecontemporaneo.com\/pac\/newsletter\/","title":{"rendered":"Bolet\u00edn de Noticias"},"content":{"rendered":"\n<p>Suscr\u00edbete a nuestro Bolet\u00edn de Noticias y recibe toda la informaci\u00f3n relacionada con PAC (concursos, eventos, exposiciones, talleres&#8230;) directamente en tu email.<\/p>\n\n\n\n<p><strong>Una vez enviado tu email recibir\u00e1s un email de confirmaci\u00f3n que necesitaras confirmar para que sepamos que no eres un robot.<\/strong><\/p>\n\n\n\n<p>Inscribi\u00e9ndote, aceptas nuestra <a href=\"https:\/\/www.plataformadeartecontemporaneo.com\/pac\/politica-de-privacidad\/\">pol\u00edtica de privacidad<\/a>.<\/p>\n\n\n\n<div id=\"widthbdn\"><!--?php wpsb_opt_in(); ?--><\/div>\n\n\n\n<!-- Begin Mailchimp Signup Form -->\n<link href=\"\/\/cdn-images.mailchimp.com\/embedcode\/horizontal-slim-10_7.css\" rel=\"stylesheet\" type=\"text\/css\">\n<style type=\"text\/css\">\n\t#mc_embed_signup{background:#fff; clear:left; font:14px Helvetica,Arial,sans-serif; width:100%;}\n\t\/* Add your own Mailchimp form style overrides in your site stylesheet or in this style block.\n\t   We recommend moving this block and the preceding CSS link to the HEAD of your HTML file. *\/\n<\/style>\n<style type=\"text\/css\">\n\t#mc-embedded-subscribe-form input[type=checkbox]{display: inline; width: auto;margin-right: 10px;}\n\t#mergeRow-gdpr {margin-top: 20px;}\n\t#mergeRow-gdpr fieldset label {font-weight: normal;}\n\t#mc-embedded-subscribe-form .mc_fieldset{border:none;min-height: 0px;padding-bottom:0px;}\n<\/style>\n<div id=\"mc_embed_signup\">\n<form action=\"https:\/\/plataformadeartecontemporaneo.us6.list-manage.com\/subscribe\/post?u=1694debc6df0d845f787c5f63&amp;id=f5b66c3fd6\" method=\"post\" id=\"mc-embedded-subscribe-form\" name=\"mc-embedded-subscribe-form\" class=\"validate\" target=\"_blank\" novalidate>\n    <div id=\"mc_embed_signup_scroll\">\n\t<label for=\"mce-EMAIL\">Subscribete<\/label>\n\t<input type=\"email\" value=\"\" name=\"EMAIL\" class=\"email\" id=\"mce-EMAIL\" placeholder=\"email\" required>\n    <!-- real people should not fill this in and expect good things - do not remove this or risk form bot signups-->\n    <div style=\"position: absolute; left: -5000px;\" aria-hidden=\"true\"><input type=\"text\" name=\"b_1694debc6df0d845f787c5f63_f5b66c3fd6\" tabindex=\"-1\" value=\"\"><\/div>\n    <div class=\"clear\"><input type=\"submit\" value=\"Enviar\" name=\"subscribe\" id=\"mc-embedded-subscribe\" class=\"button\"><\/div>\n    <\/div>\n<\/form>\n<\/div>\n\n<!--End mc_embed_signup-->\n\n\n\n<h1 class=\"wp-block-heading\">Contacto<\/h1>\n\n\n\n<p>Puedes escribirnos a nuestro email:&nbsp;<a href=\"mailto:pacplataforma@gmail.com\">pacplataforma@gmail.com<\/a><\/p>\n\n\n\n<h1 class=\"wp-block-heading\">Participa<\/h1>\n\n\n\n<p>Si eres un&nbsp;<strong>artista<\/strong>&nbsp;y<strong>&nbsp;<\/strong>tienes un proyecto. Env\u00edanos un email con tus datos, un texto sobre t\u00ed y ens\u00e9\u00f1anos tus \u00faltimos trabajos. Si te hace falta una gu\u00eda para comenzar o relanzar tu carrera, puede que te interese nuestro programa de Asesoramiento de artistas, escr\u00edbenos y te contamos c\u00f3mo podemos ayudarte.<\/p>\n\n\n\n<p>Si eres una&nbsp;<strong>galer\u00eda o centro expositivo&nbsp;<\/strong>y deseas promocionar una exposici\u00f3n, env\u00edanos la fecha y los datos de dicha exposici\u00f3n aqu\u00ed <a href=\"mailto:pacplataforma@gmail.com\">pacplataforma@gmail.com<\/a><\/p>\n\n\n\n<p>Si deseas promocionar un&nbsp;<strong>evento cultural<\/strong>&nbsp;no dud\u00e9is en ver nuestro <a href=\"https:\/\/bit.ly\/44FGJbw\">dossier de publicidad<\/a>.<\/p>\n\n\n\n<p>Si est\u00e1s interesado en colaborar en nuestra secci\u00f3n de&nbsp;<strong>Noticias<\/strong>, contacta&nbsp;con nosotros y en breve nos pondremos en contacto contigo.<\/p>\n\n\n\n<h1 class=\"wp-block-heading\">Colabora<\/h1>\n\n\n\n<p>Si eres un cr\u00edtico de arte, profesor o te sientes capacitado para escribir un articulo, puedes colaborar con nosotros escribiendo sobre lo que ocurre en tu comunidad, pueblo, ciudad y\/o pa\u00eds.<\/p>\n\n\n\n<p>PAC utiliza tecnolog\u00eda Web 2.0 para crear una comunidad de usuarios que interact\u00faen con nosotros y entre s\u00ed. Te invitamos a participar comentando en la secci\u00f3n <strong>NEWS <\/strong>de la web, as\u00ed como en nuestras redes sociales, en las que te podr\u00e1s mantener informado de todo lo que ocurre en el panorama art\u00edstico contempor\u00e1neo. <\/p>\n\n\n\n<p>Encu\u00e9ntranos en <a href=\"https:\/\/www.instagram.com\/plataforma_pac\/\">Instagram<\/a>,&nbsp;<a href=\"http:\/\/www.facebook.com\/group.php?gid=113260365369262\" target=\"_blank\" rel=\"noreferrer noopener\">Facebook<\/a>, y&nbsp;<a href=\"http:\/\/twitter.com\/plataforma_pac\" target=\"_blank\" rel=\"noreferrer noopener\">Twitter<\/a>.<\/p>\n","protected":false},"excerpt":{"rendered":"<div class=\"tmnf_excerpt\"><p>Suscr\u00edbete a nuestro Bolet\u00edn de Noticias y recibe toda la informaci\u00f3n relacionada con PAC (concursos, eventos, exposiciones, talleres&#8230;) directamente en tu email. Una vez enviado tu email recibir\u00e1s un email de confirmaci\u00f3n que necesitaras confirmar para que sepamos que no eres un robot. Inscribi\u00e9ndote, aceptas nuestra pol\u00edtica de privacidad. Subscribete Contacto Puedes escribirnos a nuestro &hellip;<\/p>\n<\/div>","protected":false},"author":1,"featured_media":0,"parent":0,"menu_order":14,"comment_status":"closed","ping_status":"closed","template":"","meta":{"footnotes":""},"class_list":["post-377","page","type-page","status-publish","hentry"],"yoast_head":"<!-- This site is optimized with the Yoast SEO plugin v27.4 - https:\/\/yoast.com\/product\/yoast-seo-wordpress\/ -->\n<title>PAC | Bolet\u00edn de Noticias<\/title>\n<meta name=\"robots\" content=\"index, follow, max-snippet:-1, max-image-preview:large, max-video-preview:-1\" \/>\n<link rel=\"canonical\" href=\"https:\/\/www.plataformadeartecontemporaneo.com\/pac\/newsletter\/\" \/>\n<meta property=\"og:locale\" content=\"es_ES\" \/>\n<meta property=\"og:type\" content=\"article\" \/>\n<meta property=\"og:title\" content=\"PAC | Bolet\u00edn de Noticias\" \/>\n<meta property=\"og:description\" content=\"Suscr\u00edbete a nuestro Bolet\u00edn de Noticias y recibe toda la informaci\u00f3n relacionada con PAC (concursos, eventos, exposiciones, talleres&#8230;) directamente en tu email. Una vez enviado tu email recibir\u00e1s un email de confirmaci\u00f3n que necesitaras confirmar para que sepamos que no eres un robot. Inscribi\u00e9ndote, aceptas nuestra pol\u00edtica de privacidad. Subscribete Contacto Puedes escribirnos a nuestro &hellip;\" \/>\n<meta property=\"og:url\" content=\"https:\/\/www.plataformadeartecontemporaneo.com\/pac\/newsletter\/\" \/>\n<meta property=\"og:site_name\" content=\"PAC\" \/>\n<meta property=\"article:modified_time\" content=\"2026-03-26T19:02:45+00:00\" \/>\n<meta name=\"twitter:label1\" content=\"Tiempo de lectura\" \/>\n\t<meta name=\"twitter:data1\" content=\"2 minutos\" \/>\n<script type=\"application\/ld+json\" class=\"yoast-schema-graph\">{\"@context\":\"https:\\\/\\\/schema.org\",\"@graph\":[{\"@type\":\"WebPage\",\"@id\":\"https:\\\/\\\/www.plataformadeartecontemporaneo.com\\\/pac\\\/newsletter\\\/\",\"url\":\"https:\\\/\\\/www.plataformadeartecontemporaneo.com\\\/pac\\\/newsletter\\\/\",\"name\":\"PAC | Bolet\u00edn de Noticias\",\"isPartOf\":{\"@id\":\"https:\\\/\\\/www.plataformadeartecontemporaneo.com\\\/pac\\\/#website\"},\"datePublished\":\"2010-05-07T11:59:23+00:00\",\"dateModified\":\"2026-03-26T19:02:45+00:00\",\"breadcrumb\":{\"@id\":\"https:\\\/\\\/www.plataformadeartecontemporaneo.com\\\/pac\\\/newsletter\\\/#breadcrumb\"},\"inLanguage\":\"es\",\"potentialAction\":[{\"@type\":\"ReadAction\",\"target\":[\"https:\\\/\\\/www.plataformadeartecontemporaneo.com\\\/pac\\\/newsletter\\\/\"]}]},{\"@type\":\"BreadcrumbList\",\"@id\":\"https:\\\/\\\/www.plataformadeartecontemporaneo.com\\\/pac\\\/newsletter\\\/#breadcrumb\",\"itemListElement\":[{\"@type\":\"ListItem\",\"position\":1,\"name\":\"Portada\",\"item\":\"https:\\\/\\\/www.plataformadeartecontemporaneo.com\\\/pac\\\/\"},{\"@type\":\"ListItem\",\"position\":2,\"name\":\"Bolet\u00edn de Noticias\"}]},{\"@type\":\"WebSite\",\"@id\":\"https:\\\/\\\/www.plataformadeartecontemporaneo.com\\\/pac\\\/#website\",\"url\":\"https:\\\/\\\/www.plataformadeartecontemporaneo.com\\\/pac\\\/\",\"name\":\"PAC\",\"description\":\"Plataforma de Arte Contempor\u00e1neo\",\"publisher\":{\"@id\":\"https:\\\/\\\/www.plataformadeartecontemporaneo.com\\\/pac\\\/#organization\"},\"potentialAction\":[{\"@type\":\"SearchAction\",\"target\":{\"@type\":\"EntryPoint\",\"urlTemplate\":\"https:\\\/\\\/www.plataformadeartecontemporaneo.com\\\/pac\\\/?s={search_term_string}\"},\"query-input\":{\"@type\":\"PropertyValueSpecification\",\"valueRequired\":true,\"valueName\":\"search_term_string\"}}],\"inLanguage\":\"es\"},{\"@type\":\"Organization\",\"@id\":\"https:\\\/\\\/www.plataformadeartecontemporaneo.com\\\/pac\\\/#organization\",\"name\":\"PAC\",\"url\":\"https:\\\/\\\/www.plataformadeartecontemporaneo.com\\\/pac\\\/\",\"logo\":{\"@type\":\"ImageObject\",\"inLanguage\":\"es\",\"@id\":\"https:\\\/\\\/www.plataformadeartecontemporaneo.com\\\/pac\\\/#\\\/schema\\\/logo\\\/image\\\/\",\"url\":\"https:\\\/\\\/www.plataformadeartecontemporaneo.com\\\/pac\\\/wp-content\\\/uploads\\\/2020\\\/10\\\/LOGO-PAC-FOOTER-TRANSPARENTE.png\",\"contentUrl\":\"https:\\\/\\\/www.plataformadeartecontemporaneo.com\\\/pac\\\/wp-content\\\/uploads\\\/2020\\\/10\\\/LOGO-PAC-FOOTER-TRANSPARENTE.png\",\"width\":200,\"height\":48,\"caption\":\"PAC\"},\"image\":{\"@id\":\"https:\\\/\\\/www.plataformadeartecontemporaneo.com\\\/pac\\\/#\\\/schema\\\/logo\\\/image\\\/\"}}]}<\/script>\n<!-- \/ Yoast SEO plugin. -->","yoast_head_json":{"title":"PAC | Bolet\u00edn de Noticias","robots":{"index":"index","follow":"follow","max-snippet":"max-snippet:-1","max-image-preview":"max-image-preview:large","max-video-preview":"max-video-preview:-1"},"canonical":"https:\/\/www.plataformadeartecontemporaneo.com\/pac\/newsletter\/","og_locale":"es_ES","og_type":"article","og_title":"PAC | Bolet\u00edn de Noticias","og_description":"Suscr\u00edbete a nuestro Bolet\u00edn de Noticias y recibe toda la informaci\u00f3n relacionada con PAC (concursos, eventos, exposiciones, talleres&#8230;) directamente en tu email. Una vez enviado tu email recibir\u00e1s un email de confirmaci\u00f3n que necesitaras confirmar para que sepamos que no eres un robot. Inscribi\u00e9ndote, aceptas nuestra pol\u00edtica de privacidad. Subscribete Contacto Puedes escribirnos a nuestro &hellip;","og_url":"https:\/\/www.plataformadeartecontemporaneo.com\/pac\/newsletter\/","og_site_name":"PAC","article_modified_time":"2026-03-26T19:02:45+00:00","twitter_misc":{"Tiempo de lectura":"2 minutos"},"schema":{"@context":"https:\/\/schema.org","@graph":[{"@type":"WebPage","@id":"https:\/\/www.plataformadeartecontemporaneo.com\/pac\/newsletter\/","url":"https:\/\/www.plataformadeartecontemporaneo.com\/pac\/newsletter\/","name":"PAC | Bolet\u00edn de Noticias","isPartOf":{"@id":"https:\/\/www.plataformadeartecontemporaneo.com\/pac\/#website"},"datePublished":"2010-05-07T11:59:23+00:00","dateModified":"2026-03-26T19:02:45+00:00","breadcrumb":{"@id":"https:\/\/www.plataformadeartecontemporaneo.com\/pac\/newsletter\/#breadcrumb"},"inLanguage":"es","potentialAction":[{"@type":"ReadAction","target":["https:\/\/www.plataformadeartecontemporaneo.com\/pac\/newsletter\/"]}]},{"@type":"BreadcrumbList","@id":"https:\/\/www.plataformadeartecontemporaneo.com\/pac\/newsletter\/#breadcrumb","itemListElement":[{"@type":"ListItem","position":1,"name":"Portada","item":"https:\/\/www.plataformadeartecontemporaneo.com\/pac\/"},{"@type":"ListItem","position":2,"name":"Bolet\u00edn de Noticias"}]},{"@type":"WebSite","@id":"https:\/\/www.plataformadeartecontemporaneo.com\/pac\/#website","url":"https:\/\/www.plataformadeartecontemporaneo.com\/pac\/","name":"PAC","description":"Plataforma de Arte Contempor\u00e1neo","publisher":{"@id":"https:\/\/www.plataformadeartecontemporaneo.com\/pac\/#organization"},"potentialAction":[{"@type":"SearchAction","target":{"@type":"EntryPoint","urlTemplate":"https:\/\/www.plataformadeartecontemporaneo.com\/pac\/?s={search_term_string}"},"query-input":{"@type":"PropertyValueSpecification","valueRequired":true,"valueName":"search_term_string"}}],"inLanguage":"es"},{"@type":"Organization","@id":"https:\/\/www.plataformadeartecontemporaneo.com\/pac\/#organization","name":"PAC","url":"https:\/\/www.plataformadeartecontemporaneo.com\/pac\/","logo":{"@type":"ImageObject","inLanguage":"es","@id":"https:\/\/www.plataformadeartecontemporaneo.com\/pac\/#\/schema\/logo\/image\/","url":"https:\/\/www.plataformadeartecontemporaneo.com\/pac\/wp-content\/uploads\/2020\/10\/LOGO-PAC-FOOTER-TRANSPARENTE.png","contentUrl":"https:\/\/www.plataformadeartecontemporaneo.com\/pac\/wp-content\/uploads\/2020\/10\/LOGO-PAC-FOOTER-TRANSPARENTE.png","width":200,"height":48,"caption":"PAC"},"image":{"@id":"https:\/\/www.plataformadeartecontemporaneo.com\/pac\/#\/schema\/logo\/image\/"}}]}},"_links":{"self":[{"href":"https:\/\/www.plataformadeartecontemporaneo.com\/pac\/wp-json\/wp\/v2\/pages\/377","targetHints":{"allow":["GET"]}}],"collection":[{"href":"https:\/\/www.plataformadeartecontemporaneo.com\/pac\/wp-json\/wp\/v2\/pages"}],"about":[{"href":"https:\/\/www.plataformadeartecontemporaneo.com\/pac\/wp-json\/wp\/v2\/types\/page"}],"author":[{"embeddable":true,"href":"https:\/\/www.plataformadeartecontemporaneo.com\/pac\/wp-json\/wp\/v2\/users\/1"}],"replies":[{"embeddable":true,"href":"https:\/\/www.plataformadeartecontemporaneo.com\/pac\/wp-json\/wp\/v2\/comments?post=377"}],"version-history":[{"count":27,"href":"https:\/\/www.plataformadeartecontemporaneo.com\/pac\/wp-json\/wp\/v2\/pages\/377\/revisions"}],"predecessor-version":[{"id":106539,"href":"https:\/\/www.plataformadeartecontemporaneo.com\/pac\/wp-json\/wp\/v2\/pages\/377\/revisions\/106539"}],"wp:attachment":[{"href":"https:\/\/www.plataformadeartecontemporaneo.com\/pac\/wp-json\/wp\/v2\/media?parent=377"}],"curies":[{"name":"wp","href":"https:\/\/api.w.org\/{rel}","templated":true}]}}