




{"id":54499,"date":"2018-11-04T13:43:06","date_gmt":"2018-11-04T12:43:06","guid":{"rendered":"http:\/\/www.plataformadeartecontemporaneo.com\/pac\/?page_id=54499"},"modified":"2018-11-04T18:38:34","modified_gmt":"2018-11-04T17:38:34","slug":"i-want-to-collect","status":"publish","type":"page","link":"https:\/\/www.plataformadeartecontemporaneo.com\/pac\/i-want-to-collect\/","title":{"rendered":"I WANT TO COLLECT"},"content":{"rendered":"<p style=\"text-align: justify;\">I WANT TO COLLECT, es una nueva secci\u00f3n, coordinada por Ricardo Recuero (ART-ic), que se va centrar de\u00a0manera espec\u00edfica en el coleccionismo abordando esta actividad desde diferentes\u00a0perspectivas, problem\u00e1ticas y posiciones.<\/p>\n<p style=\"text-align: justify;\">La secci\u00f3n comienza con un curso de iniciaci\u00f3n al coleccionismo, que ir\u00e1 desarroll\u00e1ndose en diferentes entregas a lo largo de las semanas,\u00a0y que pretende abordar\u00a0cuestiones tales como \u00bfqu\u00e9 es coleccionar arte contempor\u00e1neo?,\u00a0\u00bfpor qu\u00e9 merece la pena hacerlo?,\u00a0su deseo es motivar y animar a descubrir todo lo que su\u00a0pone esta\u00a0actividad e incidir en que su pr\u00e1ctica va mucho m\u00e1s all\u00e1 de una mera transacci\u00f3n\u00a0comercial cuyo fin desemboca en una simple posesi\u00f3n objetual. Queremos derribar\u00a0mitos y tab\u00faes y sobre todo poner de manifiesto la m\u00e1xima\u00a0\u201cSi quieres, puedes\u201d\u00a0por\u00a0encima de barreras econ\u00f3micas, elitismos o autolimitaciones.<\/p>\n<p style=\"text-align: justify;\">Queremos dotar de herramientas \u00fatiles a todas aquellas\u00a0personas que habiendo\u00a0sentido el impulso de coleccionar, no ha sabido el modo\u00a0de comenzar; tratar de\u00a0resolver dudas y establecer los par\u00e1metros b\u00e1sicos a la hora de comenzar una colecci\u00f3n. Para quienes ya dispongan de conocimientos, esperamos hacer surgir la reflexi\u00f3n o\u00a0incluso el debate.<\/p>\n<p style=\"text-align: justify;\"><b>Archivo de art\u00edculos\u00a0publicados&#8230;<\/b><\/p>\n<ul class=\"lcp_catlist\" id=\"lcp_instance_0\"><li><a href=\"https:\/\/www.plataformadeartecontemporaneo.com\/pac\/arteencasa-i-want-to-collect-curso-coleccionismo\/\">#arteencasa I WANT TO COLLECT, curso de coleccionismo<\/a>  23 marzo, 2020Sara Torres Sif\u00f3n<\/li><li><a href=\"https:\/\/www.plataformadeartecontemporaneo.com\/pac\/i-want-to-collect-apuntes-decoracion\/\">I Want To Collect: Apuntes sobre decoraci\u00f3n<\/a>  13 febrero, 2019Ricardo Recuero<\/li><li><a href=\"https:\/\/www.plataformadeartecontemporaneo.com\/pac\/i-want-to-collect-sobre-el-valor-de-la-obra-de-arte\/\">I Want To Collect: Sobre el valor de la obra de arte<\/a>  6 febrero, 2019Ricardo Recuero<\/li><li><a href=\"https:\/\/www.plataformadeartecontemporaneo.com\/pac\/i-want-to-collect-inversion-rentabilidad-ii\/\">I Want to Collect: Inversi\u00f3n y Rentabilidad II<\/a>  30 enero, 2019Ricardo Recuero<\/li><li><a href=\"https:\/\/www.plataformadeartecontemporaneo.com\/pac\/i-want-to-collect-inversion-rentabilidad-i\/\">I Want To Collect: Inversi\u00f3n y Rentabilidad I<\/a>  23 enero, 2019Ricardo Recuero<\/li><li><a href=\"https:\/\/www.plataformadeartecontemporaneo.com\/pac\/i-want-to-collect-seguro\/\">I Want To Collect: El Seguro<\/a>  16 enero, 2019Ricardo Recuero<\/li><li><a href=\"https:\/\/www.plataformadeartecontemporaneo.com\/pac\/i-want-to-collect-apuntes-sobre-la-conservacion-iii\/\">I Want To Collect: Apuntes sobre la conservaci\u00f3n III<\/a>  9 enero, 2019Ricardo Recuero<\/li><li><a href=\"https:\/\/www.plataformadeartecontemporaneo.com\/pac\/i-want-to-collect-apuntes-sobre-la-conservacion-ii\/\">I Want To Collect: Apuntes sobre la conservaci\u00f3n II<\/a>  2 enero, 2019Ricardo Recuero<\/li><li><a href=\"https:\/\/www.plataformadeartecontemporaneo.com\/pac\/i-want-to-collect-tras-la-adquisicion\/\">I Want to Collect: Y tras la adquisici\u00f3n, \u00bfqu\u00e9?<\/a>  26 diciembre, 2018Ricardo Recuero<\/li><li><a href=\"https:\/\/www.plataformadeartecontemporaneo.com\/pac\/i-want-to-collect-iva\/\">I Want to Collect: El IVA<\/a>  19 diciembre, 2018Ricardo Recuero<\/li><li><a href=\"https:\/\/www.plataformadeartecontemporaneo.com\/pac\/i-want-to-collect-comprar-ii\/\">I Want to Collect: C\u00f3mo comprar II<\/a>  12 diciembre, 2018Ricardo Recuero<\/li><li><a href=\"https:\/\/www.plataformadeartecontemporaneo.com\/pac\/i-want-to-collect-comprar-i\/\">I Want to Collect: C\u00f3mo comprar I<\/a>  5 diciembre, 2018Ricardo Recuero<\/li><li><a href=\"https:\/\/www.plataformadeartecontemporaneo.com\/pac\/i-want-to-collect-agentes-del-mercado-del-arte-ii\/\">I Want to Collect: Agentes del mercado del arte II<\/a>  28 noviembre, 2018Ricardo Recuero<\/li><li><a href=\"https:\/\/www.plataformadeartecontemporaneo.com\/pac\/i-want-to-collect-agentes-del-mercado-del-arte-i\/\">I Want to Collect: Agentes del mercado del arte I<\/a>  21 noviembre, 2018Ricardo Recuero<\/li><li><a href=\"https:\/\/www.plataformadeartecontemporaneo.com\/pac\/i-want-to-collect-si-quieres-puedes\/\">I Want to Collect: Si quieres, puedes\u2026<\/a>  14 noviembre, 2018Ricardo Recuero<\/li><li><a href=\"https:\/\/www.plataformadeartecontemporaneo.com\/pac\/i-want-to-collect-que-es-coleccionar-ii\/\">I Want to Collect: \u00bfQu\u00e9 es coleccionar? II<\/a>  7 noviembre, 2018Ricardo Recuero<\/li><li><a href=\"https:\/\/www.plataformadeartecontemporaneo.com\/pac\/i-want-to-collect-que-es-coleccionar-i\/\">I WANT TO COLLECT: \u00bfQu\u00e9 es coleccionar? I<\/a>  31 octubre, 2018Ricardo Recuero<\/li><li><a href=\"https:\/\/www.plataformadeartecontemporaneo.com\/pac\/i-want-to-collect-entender-arte-contemporaneo\/\">I WANT TO COLLECT: Entender el arte contempor\u00e1neo<\/a>  24 octubre, 2018Ricardo Recuero<\/li><li><a href=\"https:\/\/www.plataformadeartecontemporaneo.com\/pac\/i-want-to-collect-coleccionamos-ii\/\">I WANT TO COLLECT: \u00bfPor  qu\u00e9  Coleccionamos?  II<\/a>  17 octubre, 2018Ricardo Recuero<\/li><li><a href=\"https:\/\/www.plataformadeartecontemporaneo.com\/pac\/i-want-to-collect-coleccionamos-i\/\">I WANT TO COLLECT: \u00bfPor qu\u00e9 Coleccionamos? I<\/a>  10 octubre, 2018Ricardo Recuero<\/li><li><a href=\"https:\/\/www.plataformadeartecontemporaneo.com\/pac\/i-want-to-collect-desmontando-mitos-ii\/\">I WANT TO COLLECT: Desmontando Mitos II<\/a>  3 octubre, 2018Ricardo Recuero<\/li><li><a href=\"https:\/\/www.plataformadeartecontemporaneo.com\/pac\/i-want-to-collect-desmontando-mitos-i\/\">I WANT TO COLLECT: Desmontando Mitos I<\/a>  26 septiembre, 2018Ricardo Recuero<\/li><li><a href=\"https:\/\/www.plataformadeartecontemporaneo.com\/pac\/i-want-to-collect-animales-coleccionan\/\">I WANT TO COLLECT: Animales  que  Coleccionan<\/a>  19 septiembre, 2018Ricardo Recuero<\/li><li><a href=\"https:\/\/www.plataformadeartecontemporaneo.com\/pac\/i-want-to-collect\/\">I WANT TO COLLECT, nueva secci\u00f3n dedicada a la iniciaci\u00f3n al coleccionismo<\/a>  12 septiembre, 2018Ricardo Recuero<\/li><\/ul>\n","protected":false},"excerpt":{"rendered":"<div class=\"tmnf_excerpt\"><p>I WANT TO COLLECT, es una nueva secci\u00f3n, coordinada por Ricardo Recuero (ART-ic), que se va centrar de\u00a0manera espec\u00edfica en el coleccionismo abordando esta actividad desde diferentes\u00a0perspectivas, problem\u00e1ticas y posiciones. La secci\u00f3n comienza con un curso de iniciaci\u00f3n al coleccionismo, que ir\u00e1 desarroll\u00e1ndose en diferentes entregas a lo largo de las semanas,\u00a0y que pretende abordar\u00a0cuestiones &hellip;<\/p>\n<\/div>","protected":false},"author":1,"featured_media":0,"parent":0,"menu_order":0,"comment_status":"closed","ping_status":"closed","template":"","meta":{"footnotes":""},"class_list":["post-54499","page","type-page","status-publish","hentry"],"yoast_head":"<!-- This site is optimized with the Yoast SEO plugin v27.4 - https:\/\/yoast.com\/product\/yoast-seo-wordpress\/ -->\n<title>PAC | I WANT TO COLLECT<\/title>\n<meta name=\"robots\" content=\"index, follow, max-snippet:-1, max-image-preview:large, max-video-preview:-1\" \/>\n<link rel=\"canonical\" href=\"https:\/\/www.plataformadeartecontemporaneo.com\/pac\/i-want-to-collect\/\" \/>\n<meta property=\"og:locale\" content=\"es_ES\" \/>\n<meta property=\"og:type\" content=\"article\" \/>\n<meta property=\"og:title\" content=\"PAC | I WANT TO COLLECT\" \/>\n<meta property=\"og:description\" content=\"I WANT TO COLLECT, es una nueva secci\u00f3n, coordinada por Ricardo Recuero (ART-ic), que se va centrar de\u00a0manera espec\u00edfica en el coleccionismo abordando esta actividad desde diferentes\u00a0perspectivas, problem\u00e1ticas y posiciones. La secci\u00f3n comienza con un curso de iniciaci\u00f3n al coleccionismo, que ir\u00e1 desarroll\u00e1ndose en diferentes entregas a lo largo de las semanas,\u00a0y que pretende abordar\u00a0cuestiones &hellip;\" \/>\n<meta property=\"og:url\" content=\"https:\/\/www.plataformadeartecontemporaneo.com\/pac\/i-want-to-collect\/\" \/>\n<meta property=\"og:site_name\" content=\"PAC\" \/>\n<meta property=\"article:modified_time\" content=\"2018-11-04T17:38:34+00:00\" \/>\n<meta name=\"twitter:label1\" content=\"Tiempo de lectura\" \/>\n\t<meta name=\"twitter:data1\" content=\"1 minuto\" \/>\n<script type=\"application\/ld+json\" class=\"yoast-schema-graph\">{\"@context\":\"https:\\\/\\\/schema.org\",\"@graph\":[{\"@type\":\"WebPage\",\"@id\":\"https:\\\/\\\/www.plataformadeartecontemporaneo.com\\\/pac\\\/i-want-to-collect\\\/\",\"url\":\"https:\\\/\\\/www.plataformadeartecontemporaneo.com\\\/pac\\\/i-want-to-collect\\\/\",\"name\":\"PAC | I WANT TO COLLECT\",\"isPartOf\":{\"@id\":\"https:\\\/\\\/www.plataformadeartecontemporaneo.com\\\/pac\\\/#website\"},\"datePublished\":\"2018-11-04T12:43:06+00:00\",\"dateModified\":\"2018-11-04T17:38:34+00:00\",\"breadcrumb\":{\"@id\":\"https:\\\/\\\/www.plataformadeartecontemporaneo.com\\\/pac\\\/i-want-to-collect\\\/#breadcrumb\"},\"inLanguage\":\"es\",\"potentialAction\":[{\"@type\":\"ReadAction\",\"target\":[\"https:\\\/\\\/www.plataformadeartecontemporaneo.com\\\/pac\\\/i-want-to-collect\\\/\"]}]},{\"@type\":\"BreadcrumbList\",\"@id\":\"https:\\\/\\\/www.plataformadeartecontemporaneo.com\\\/pac\\\/i-want-to-collect\\\/#breadcrumb\",\"itemListElement\":[{\"@type\":\"ListItem\",\"position\":1,\"name\":\"Portada\",\"item\":\"https:\\\/\\\/www.plataformadeartecontemporaneo.com\\\/pac\\\/\"},{\"@type\":\"ListItem\",\"position\":2,\"name\":\"I WANT TO COLLECT\"}]},{\"@type\":\"WebSite\",\"@id\":\"https:\\\/\\\/www.plataformadeartecontemporaneo.com\\\/pac\\\/#website\",\"url\":\"https:\\\/\\\/www.plataformadeartecontemporaneo.com\\\/pac\\\/\",\"name\":\"PAC\",\"description\":\"Plataforma de Arte Contempor\u00e1neo\",\"publisher\":{\"@id\":\"https:\\\/\\\/www.plataformadeartecontemporaneo.com\\\/pac\\\/#organization\"},\"potentialAction\":[{\"@type\":\"SearchAction\",\"target\":{\"@type\":\"EntryPoint\",\"urlTemplate\":\"https:\\\/\\\/www.plataformadeartecontemporaneo.com\\\/pac\\\/?s={search_term_string}\"},\"query-input\":{\"@type\":\"PropertyValueSpecification\",\"valueRequired\":true,\"valueName\":\"search_term_string\"}}],\"inLanguage\":\"es\"},{\"@type\":\"Organization\",\"@id\":\"https:\\\/\\\/www.plataformadeartecontemporaneo.com\\\/pac\\\/#organization\",\"name\":\"PAC\",\"url\":\"https:\\\/\\\/www.plataformadeartecontemporaneo.com\\\/pac\\\/\",\"logo\":{\"@type\":\"ImageObject\",\"inLanguage\":\"es\",\"@id\":\"https:\\\/\\\/www.plataformadeartecontemporaneo.com\\\/pac\\\/#\\\/schema\\\/logo\\\/image\\\/\",\"url\":\"https:\\\/\\\/www.plataformadeartecontemporaneo.com\\\/pac\\\/wp-content\\\/uploads\\\/2020\\\/10\\\/LOGO-PAC-FOOTER-TRANSPARENTE.png\",\"contentUrl\":\"https:\\\/\\\/www.plataformadeartecontemporaneo.com\\\/pac\\\/wp-content\\\/uploads\\\/2020\\\/10\\\/LOGO-PAC-FOOTER-TRANSPARENTE.png\",\"width\":200,\"height\":48,\"caption\":\"PAC\"},\"image\":{\"@id\":\"https:\\\/\\\/www.plataformadeartecontemporaneo.com\\\/pac\\\/#\\\/schema\\\/logo\\\/image\\\/\"}}]}<\/script>\n<!-- \/ Yoast SEO plugin. -->","yoast_head_json":{"title":"PAC | I WANT TO COLLECT","robots":{"index":"index","follow":"follow","max-snippet":"max-snippet:-1","max-image-preview":"max-image-preview:large","max-video-preview":"max-video-preview:-1"},"canonical":"https:\/\/www.plataformadeartecontemporaneo.com\/pac\/i-want-to-collect\/","og_locale":"es_ES","og_type":"article","og_title":"PAC | I WANT TO COLLECT","og_description":"I WANT TO COLLECT, es una nueva secci\u00f3n, coordinada por Ricardo Recuero (ART-ic), que se va centrar de\u00a0manera espec\u00edfica en el coleccionismo abordando esta actividad desde diferentes\u00a0perspectivas, problem\u00e1ticas y posiciones. La secci\u00f3n comienza con un curso de iniciaci\u00f3n al coleccionismo, que ir\u00e1 desarroll\u00e1ndose en diferentes entregas a lo largo de las semanas,\u00a0y que pretende abordar\u00a0cuestiones &hellip;","og_url":"https:\/\/www.plataformadeartecontemporaneo.com\/pac\/i-want-to-collect\/","og_site_name":"PAC","article_modified_time":"2018-11-04T17:38:34+00:00","twitter_misc":{"Tiempo de lectura":"1 minuto"},"schema":{"@context":"https:\/\/schema.org","@graph":[{"@type":"WebPage","@id":"https:\/\/www.plataformadeartecontemporaneo.com\/pac\/i-want-to-collect\/","url":"https:\/\/www.plataformadeartecontemporaneo.com\/pac\/i-want-to-collect\/","name":"PAC | I WANT TO COLLECT","isPartOf":{"@id":"https:\/\/www.plataformadeartecontemporaneo.com\/pac\/#website"},"datePublished":"2018-11-04T12:43:06+00:00","dateModified":"2018-11-04T17:38:34+00:00","breadcrumb":{"@id":"https:\/\/www.plataformadeartecontemporaneo.com\/pac\/i-want-to-collect\/#breadcrumb"},"inLanguage":"es","potentialAction":[{"@type":"ReadAction","target":["https:\/\/www.plataformadeartecontemporaneo.com\/pac\/i-want-to-collect\/"]}]},{"@type":"BreadcrumbList","@id":"https:\/\/www.plataformadeartecontemporaneo.com\/pac\/i-want-to-collect\/#breadcrumb","itemListElement":[{"@type":"ListItem","position":1,"name":"Portada","item":"https:\/\/www.plataformadeartecontemporaneo.com\/pac\/"},{"@type":"ListItem","position":2,"name":"I WANT TO COLLECT"}]},{"@type":"WebSite","@id":"https:\/\/www.plataformadeartecontemporaneo.com\/pac\/#website","url":"https:\/\/www.plataformadeartecontemporaneo.com\/pac\/","name":"PAC","description":"Plataforma de Arte Contempor\u00e1neo","publisher":{"@id":"https:\/\/www.plataformadeartecontemporaneo.com\/pac\/#organization"},"potentialAction":[{"@type":"SearchAction","target":{"@type":"EntryPoint","urlTemplate":"https:\/\/www.plataformadeartecontemporaneo.com\/pac\/?s={search_term_string}"},"query-input":{"@type":"PropertyValueSpecification","valueRequired":true,"valueName":"search_term_string"}}],"inLanguage":"es"},{"@type":"Organization","@id":"https:\/\/www.plataformadeartecontemporaneo.com\/pac\/#organization","name":"PAC","url":"https:\/\/www.plataformadeartecontemporaneo.com\/pac\/","logo":{"@type":"ImageObject","inLanguage":"es","@id":"https:\/\/www.plataformadeartecontemporaneo.com\/pac\/#\/schema\/logo\/image\/","url":"https:\/\/www.plataformadeartecontemporaneo.com\/pac\/wp-content\/uploads\/2020\/10\/LOGO-PAC-FOOTER-TRANSPARENTE.png","contentUrl":"https:\/\/www.plataformadeartecontemporaneo.com\/pac\/wp-content\/uploads\/2020\/10\/LOGO-PAC-FOOTER-TRANSPARENTE.png","width":200,"height":48,"caption":"PAC"},"image":{"@id":"https:\/\/www.plataformadeartecontemporaneo.com\/pac\/#\/schema\/logo\/image\/"}}]}},"_links":{"self":[{"href":"https:\/\/www.plataformadeartecontemporaneo.com\/pac\/wp-json\/wp\/v2\/pages\/54499","targetHints":{"allow":["GET"]}}],"collection":[{"href":"https:\/\/www.plataformadeartecontemporaneo.com\/pac\/wp-json\/wp\/v2\/pages"}],"about":[{"href":"https:\/\/www.plataformadeartecontemporaneo.com\/pac\/wp-json\/wp\/v2\/types\/page"}],"author":[{"embeddable":true,"href":"https:\/\/www.plataformadeartecontemporaneo.com\/pac\/wp-json\/wp\/v2\/users\/1"}],"replies":[{"embeddable":true,"href":"https:\/\/www.plataformadeartecontemporaneo.com\/pac\/wp-json\/wp\/v2\/comments?post=54499"}],"version-history":[{"count":6,"href":"https:\/\/www.plataformadeartecontemporaneo.com\/pac\/wp-json\/wp\/v2\/pages\/54499\/revisions"}],"predecessor-version":[{"id":54529,"href":"https:\/\/www.plataformadeartecontemporaneo.com\/pac\/wp-json\/wp\/v2\/pages\/54499\/revisions\/54529"}],"wp:attachment":[{"href":"https:\/\/www.plataformadeartecontemporaneo.com\/pac\/wp-json\/wp\/v2\/media?parent=54499"}],"curies":[{"name":"wp","href":"https:\/\/api.w.org\/{rel}","templated":true}]}}