




{"id":64682,"date":"2020-09-24T15:19:36","date_gmt":"2020-09-24T13:19:36","guid":{"rendered":"http:\/\/www.plataformadeartecontemporaneo.com\/pac\/?page_id=64682"},"modified":"2023-10-24T20:15:16","modified_gmt":"2023-10-24T18:15:16","slug":"artist-carousel-by-pac","status":"publish","type":"page","link":"https:\/\/www.plataformadeartecontemporaneo.com\/pac\/artist-carousel-by-pac\/","title":{"rendered":"Artist Carousel by PAC"},"content":{"rendered":"<p>Todas las semanas presentamos\u00a0un carrusel de im\u00e1genes que servir\u00e1 para presentar de forma breve y directa a artistas contempor\u00e1neos.<\/p>\n<p><img fetchpriority=\"high\" decoding=\"async\" class=\"aligncenter size-medium wp-image-64687\" src=\"https:\/\/www.plataformadeartecontemporaneo.com\/pac\/wp-content\/uploads\/2020\/09\/Artist-Carousel-by-PAC-466x234.jpg\" alt=\"\" width=\"466\" height=\"234\" srcset=\"https:\/\/www.plataformadeartecontemporaneo.com\/pac\/wp-content\/uploads\/2020\/09\/Artist-Carousel-by-PAC-466x234.jpg 466w, https:\/\/www.plataformadeartecontemporaneo.com\/pac\/wp-content\/uploads\/2020\/09\/Artist-Carousel-by-PAC-768x386.jpg 768w, https:\/\/www.plataformadeartecontemporaneo.com\/pac\/wp-content\/uploads\/2020\/09\/Artist-Carousel-by-PAC-500x252.jpg 500w, https:\/\/www.plataformadeartecontemporaneo.com\/pac\/wp-content\/uploads\/2020\/09\/Artist-Carousel-by-PAC-470x236.jpg 470w, https:\/\/www.plataformadeartecontemporaneo.com\/pac\/wp-content\/uploads\/2020\/09\/Artist-Carousel-by-PAC-325x163.jpg 325w\" sizes=\"(max-width: 466px) 100vw, 466px\" \/><\/p>\n<p style=\"text-align: justify;\"><strong>Archivo de art\u00edculos de Artist Carousel<\/strong><\/p>\n<ul class=\"lcp_catlist\" id=\"lcp_instance_0\"><li><a href=\"https:\/\/www.plataformadeartecontemporaneo.com\/pac\/angel-toren\/\">\u00c1ngel TOREN<\/a>  20 octubre, 2023James Marr<\/li><li><a href=\"https:\/\/www.plataformadeartecontemporaneo.com\/pac\/ana-mendieta\/\">Ana Mendieta<\/a>  9 junio, 2021James Marr<\/li><li><a href=\"https:\/\/www.plataformadeartecontemporaneo.com\/pac\/robert-rauschenberg\/\">Robert Rauschenberg<\/a>  2 junio, 2021James Marr<\/li><li><a href=\"https:\/\/www.plataformadeartecontemporaneo.com\/pac\/marisol-escobar\/\">Marisol Escobar<\/a>  26 mayo, 2021James Marr<\/li><li><a href=\"https:\/\/www.plataformadeartecontemporaneo.com\/pac\/mu-boyan\/\">Mu Boyan<\/a>  19 mayo, 2021James Marr<\/li><li><a href=\"https:\/\/www.plataformadeartecontemporaneo.com\/pac\/miss-beige-2\/\">Miss Beige<\/a>  12 mayo, 2021James Marr<\/li><li><a href=\"https:\/\/www.plataformadeartecontemporaneo.com\/pac\/erwin-wurm\/\">Erwin Wurm<\/a>  5 mayo, 2021James Marr<\/li><li><a href=\"https:\/\/www.plataformadeartecontemporaneo.com\/pac\/yolanda-dominguez\/\">Yolanda Dom\u00ednguez<\/a>  28 abril, 2021James Marr<\/li><li><a href=\"https:\/\/www.plataformadeartecontemporaneo.com\/pac\/juan-munoz\/\">Juan Mu\u00f1oz<\/a>  21 abril, 2021James Marr<\/li><li><a href=\"https:\/\/www.plataformadeartecontemporaneo.com\/pac\/eva-hesse\/\">Eva Hesse<\/a>  14 abril, 2021James Marr<\/li><li><a href=\"https:\/\/www.plataformadeartecontemporaneo.com\/pac\/robert-mapplethorpe\/\">Robert Mapplethorpe<\/a>  7 abril, 2021James Marr<\/li><li><a href=\"https:\/\/www.plataformadeartecontemporaneo.com\/pac\/doris-salcedo\/\">Doris Salcedo<\/a>  31 marzo, 2021James Marr<\/li><li><a href=\"https:\/\/www.plataformadeartecontemporaneo.com\/pac\/javier-calleja\/\">Javier Calleja<\/a>  24 marzo, 2021James Marr<\/li><li><a href=\"https:\/\/www.plataformadeartecontemporaneo.com\/pac\/takashi-murakami\/\">Takashi Murakami<\/a>  17 marzo, 2021James Marr<\/li><li><a href=\"https:\/\/www.plataformadeartecontemporaneo.com\/pac\/kara-walker\/\">Kara Walker<\/a>  10 marzo, 2021James Marr<\/li><li><a href=\"https:\/\/www.plataformadeartecontemporaneo.com\/pac\/jenny-holzer\/\">Jenny Holzer<\/a>  3 marzo, 2021James Marr<\/li><li><a href=\"https:\/\/www.plataformadeartecontemporaneo.com\/pac\/anish-kapoor\/\">Anish Kapoor<\/a>  26 febrero, 2021James Marr<\/li><li><a href=\"https:\/\/www.plataformadeartecontemporaneo.com\/pac\/jeff-koons\/\">Jeff Koons<\/a>  17 febrero, 2021James Marr<\/li><li><a href=\"https:\/\/www.plataformadeartecontemporaneo.com\/pac\/frida-kahlo\/\">Frida Kahlo<\/a>  2 febrero, 2021James Marr<\/li><li><a href=\"https:\/\/www.plataformadeartecontemporaneo.com\/pac\/invader\/\">Invader<\/a>  27 enero, 2021James Marr<\/li><li><a href=\"https:\/\/www.plataformadeartecontemporaneo.com\/pac\/yayoi-kusama\/\">Yayoi Kusama<\/a>  19 enero, 2021James Marr<\/li><li><a href=\"https:\/\/www.plataformadeartecontemporaneo.com\/pac\/damien-hirst\/\">Damien Hirst<\/a>  12 enero, 2021James Marr<\/li><li><a href=\"https:\/\/www.plataformadeartecontemporaneo.com\/pac\/okuda-san-miguel\/\">OKUDA San Miguel<\/a>  7 enero, 2021James Marr<\/li><li><a href=\"https:\/\/www.plataformadeartecontemporaneo.com\/pac\/marina-abramovic\/\">Marina Abramovi\u0107<\/a>  23 diciembre, 2020James Marr<\/li><li><a href=\"https:\/\/www.plataformadeartecontemporaneo.com\/pac\/wilfredo-prieto\/\">Wilfredo Prieto<\/a>  16 diciembre, 2020James Marr<\/li><li><a href=\"https:\/\/www.plataformadeartecontemporaneo.com\/pac\/tracey-emin\/\">Tracey Emin<\/a>  9 diciembre, 2020James Marr<\/li><li><a href=\"https:\/\/www.plataformadeartecontemporaneo.com\/pac\/deborah-de-robertis\/\">Deborah de Robertis<\/a>  2 diciembre, 2020James Marr<\/li><li><a href=\"https:\/\/www.plataformadeartecontemporaneo.com\/pac\/muelle\/\">Muelle<\/a>  25 noviembre, 2020James Marr<\/li><li><a href=\"https:\/\/www.plataformadeartecontemporaneo.com\/pac\/keith-haring\/\">Keith Haring<\/a>  18 noviembre, 2020James Marr<\/li><li><a href=\"https:\/\/www.plataformadeartecontemporaneo.com\/pac\/andy-warhol\/\">Andy Warhol<\/a>  28 octubre, 2020James Marr<\/li><li><a href=\"https:\/\/www.plataformadeartecontemporaneo.com\/pac\/angela-de-la-cruz\/\">\u00c1ngela de la Cruz<\/a>  21 octubre, 2020James Marr<\/li><li><a href=\"https:\/\/www.plataformadeartecontemporaneo.com\/pac\/shepard-fairey\/\">Shepard Fairey<\/a>  14 octubre, 2020James Marr<\/li><li><a href=\"https:\/\/www.plataformadeartecontemporaneo.com\/pac\/regina-jose-galindo\/\">Regina Jos\u00e9 Galindo<\/a>  7 octubre, 2020James Marr<\/li><li><a href=\"https:\/\/www.plataformadeartecontemporaneo.com\/pac\/ricardo-cavolo\/\">Ricardo Cavolo<\/a>  30 septiembre, 2020James Marr<\/li><li><a href=\"https:\/\/www.plataformadeartecontemporaneo.com\/pac\/jean-michel-basquiat\/\">Jean-Michel Basquiat<\/a>  23 septiembre, 2020James Marr<\/li><\/ul>\n","protected":false},"excerpt":{"rendered":"<div class=\"tmnf_excerpt\"><p>Todas las semanas presentamos\u00a0un carrusel de im\u00e1genes que servir\u00e1 para presentar de forma breve y directa a artistas contempor\u00e1neos. Archivo de art\u00edculos de Artist Carousel<\/p>\n<\/div>","protected":false},"author":1,"featured_media":0,"parent":0,"menu_order":0,"comment_status":"closed","ping_status":"closed","template":"","meta":{"footnotes":""},"class_list":["post-64682","page","type-page","status-publish","hentry"],"yoast_head":"<!-- This site is optimized with the Yoast SEO plugin v27.4 - https:\/\/yoast.com\/product\/yoast-seo-wordpress\/ -->\n<title>PAC | Artist Carousel by PAC<\/title>\n<meta name=\"robots\" content=\"index, follow, max-snippet:-1, max-image-preview:large, max-video-preview:-1\" \/>\n<link rel=\"canonical\" href=\"https:\/\/www.plataformadeartecontemporaneo.com\/pac\/artist-carousel-by-pac\/\" \/>\n<meta property=\"og:locale\" content=\"es_ES\" \/>\n<meta property=\"og:type\" content=\"article\" \/>\n<meta property=\"og:title\" content=\"PAC | Artist Carousel by PAC\" \/>\n<meta property=\"og:description\" content=\"Todas las semanas presentamos\u00a0un carrusel de im\u00e1genes que servir\u00e1 para presentar de forma breve y directa a artistas contempor\u00e1neos. Archivo de art\u00edculos de Artist Carousel\" \/>\n<meta property=\"og:url\" content=\"https:\/\/www.plataformadeartecontemporaneo.com\/pac\/artist-carousel-by-pac\/\" \/>\n<meta property=\"og:site_name\" content=\"PAC\" \/>\n<meta property=\"article:modified_time\" content=\"2023-10-24T18:15:16+00:00\" \/>\n<meta property=\"og:image\" content=\"https:\/\/www.plataformadeartecontemporaneo.com\/pac\/wp-content\/uploads\/2020\/09\/Artist-Carousel-by-PAC-466x234.jpg\" \/>\n<meta name=\"twitter:label1\" content=\"Tiempo de lectura\" \/>\n\t<meta name=\"twitter:data1\" content=\"1 minuto\" \/>\n<script type=\"application\/ld+json\" class=\"yoast-schema-graph\">{\"@context\":\"https:\\\/\\\/schema.org\",\"@graph\":[{\"@type\":\"WebPage\",\"@id\":\"https:\\\/\\\/www.plataformadeartecontemporaneo.com\\\/pac\\\/artist-carousel-by-pac\\\/\",\"url\":\"https:\\\/\\\/www.plataformadeartecontemporaneo.com\\\/pac\\\/artist-carousel-by-pac\\\/\",\"name\":\"PAC | Artist Carousel by PAC\",\"isPartOf\":{\"@id\":\"https:\\\/\\\/www.plataformadeartecontemporaneo.com\\\/pac\\\/#website\"},\"primaryImageOfPage\":{\"@id\":\"https:\\\/\\\/www.plataformadeartecontemporaneo.com\\\/pac\\\/artist-carousel-by-pac\\\/#primaryimage\"},\"image\":{\"@id\":\"https:\\\/\\\/www.plataformadeartecontemporaneo.com\\\/pac\\\/artist-carousel-by-pac\\\/#primaryimage\"},\"thumbnailUrl\":\"https:\\\/\\\/www.plataformadeartecontemporaneo.com\\\/pac\\\/wp-content\\\/uploads\\\/2020\\\/09\\\/Artist-Carousel-by-PAC-466x234.jpg\",\"datePublished\":\"2020-09-24T13:19:36+00:00\",\"dateModified\":\"2023-10-24T18:15:16+00:00\",\"breadcrumb\":{\"@id\":\"https:\\\/\\\/www.plataformadeartecontemporaneo.com\\\/pac\\\/artist-carousel-by-pac\\\/#breadcrumb\"},\"inLanguage\":\"es\",\"potentialAction\":[{\"@type\":\"ReadAction\",\"target\":[\"https:\\\/\\\/www.plataformadeartecontemporaneo.com\\\/pac\\\/artist-carousel-by-pac\\\/\"]}]},{\"@type\":\"ImageObject\",\"inLanguage\":\"es\",\"@id\":\"https:\\\/\\\/www.plataformadeartecontemporaneo.com\\\/pac\\\/artist-carousel-by-pac\\\/#primaryimage\",\"url\":\"https:\\\/\\\/www.plataformadeartecontemporaneo.com\\\/pac\\\/wp-content\\\/uploads\\\/2020\\\/09\\\/Artist-Carousel-by-PAC.jpg\",\"contentUrl\":\"https:\\\/\\\/www.plataformadeartecontemporaneo.com\\\/pac\\\/wp-content\\\/uploads\\\/2020\\\/09\\\/Artist-Carousel-by-PAC.jpg\",\"width\":2151,\"height\":1082},{\"@type\":\"BreadcrumbList\",\"@id\":\"https:\\\/\\\/www.plataformadeartecontemporaneo.com\\\/pac\\\/artist-carousel-by-pac\\\/#breadcrumb\",\"itemListElement\":[{\"@type\":\"ListItem\",\"position\":1,\"name\":\"Portada\",\"item\":\"https:\\\/\\\/www.plataformadeartecontemporaneo.com\\\/pac\\\/\"},{\"@type\":\"ListItem\",\"position\":2,\"name\":\"Artist Carousel by PAC\"}]},{\"@type\":\"WebSite\",\"@id\":\"https:\\\/\\\/www.plataformadeartecontemporaneo.com\\\/pac\\\/#website\",\"url\":\"https:\\\/\\\/www.plataformadeartecontemporaneo.com\\\/pac\\\/\",\"name\":\"PAC\",\"description\":\"Plataforma de Arte Contempor\u00e1neo\",\"publisher\":{\"@id\":\"https:\\\/\\\/www.plataformadeartecontemporaneo.com\\\/pac\\\/#organization\"},\"potentialAction\":[{\"@type\":\"SearchAction\",\"target\":{\"@type\":\"EntryPoint\",\"urlTemplate\":\"https:\\\/\\\/www.plataformadeartecontemporaneo.com\\\/pac\\\/?s={search_term_string}\"},\"query-input\":{\"@type\":\"PropertyValueSpecification\",\"valueRequired\":true,\"valueName\":\"search_term_string\"}}],\"inLanguage\":\"es\"},{\"@type\":\"Organization\",\"@id\":\"https:\\\/\\\/www.plataformadeartecontemporaneo.com\\\/pac\\\/#organization\",\"name\":\"PAC\",\"url\":\"https:\\\/\\\/www.plataformadeartecontemporaneo.com\\\/pac\\\/\",\"logo\":{\"@type\":\"ImageObject\",\"inLanguage\":\"es\",\"@id\":\"https:\\\/\\\/www.plataformadeartecontemporaneo.com\\\/pac\\\/#\\\/schema\\\/logo\\\/image\\\/\",\"url\":\"https:\\\/\\\/www.plataformadeartecontemporaneo.com\\\/pac\\\/wp-content\\\/uploads\\\/2020\\\/10\\\/LOGO-PAC-FOOTER-TRANSPARENTE.png\",\"contentUrl\":\"https:\\\/\\\/www.plataformadeartecontemporaneo.com\\\/pac\\\/wp-content\\\/uploads\\\/2020\\\/10\\\/LOGO-PAC-FOOTER-TRANSPARENTE.png\",\"width\":200,\"height\":48,\"caption\":\"PAC\"},\"image\":{\"@id\":\"https:\\\/\\\/www.plataformadeartecontemporaneo.com\\\/pac\\\/#\\\/schema\\\/logo\\\/image\\\/\"}}]}<\/script>\n<!-- \/ Yoast SEO plugin. -->","yoast_head_json":{"title":"PAC | Artist Carousel by PAC","robots":{"index":"index","follow":"follow","max-snippet":"max-snippet:-1","max-image-preview":"max-image-preview:large","max-video-preview":"max-video-preview:-1"},"canonical":"https:\/\/www.plataformadeartecontemporaneo.com\/pac\/artist-carousel-by-pac\/","og_locale":"es_ES","og_type":"article","og_title":"PAC | Artist Carousel by PAC","og_description":"Todas las semanas presentamos\u00a0un carrusel de im\u00e1genes que servir\u00e1 para presentar de forma breve y directa a artistas contempor\u00e1neos. Archivo de art\u00edculos de Artist Carousel","og_url":"https:\/\/www.plataformadeartecontemporaneo.com\/pac\/artist-carousel-by-pac\/","og_site_name":"PAC","article_modified_time":"2023-10-24T18:15:16+00:00","og_image":[{"url":"https:\/\/www.plataformadeartecontemporaneo.com\/pac\/wp-content\/uploads\/2020\/09\/Artist-Carousel-by-PAC-466x234.jpg","type":"","width":"","height":""}],"twitter_misc":{"Tiempo de lectura":"1 minuto"},"schema":{"@context":"https:\/\/schema.org","@graph":[{"@type":"WebPage","@id":"https:\/\/www.plataformadeartecontemporaneo.com\/pac\/artist-carousel-by-pac\/","url":"https:\/\/www.plataformadeartecontemporaneo.com\/pac\/artist-carousel-by-pac\/","name":"PAC | Artist Carousel by PAC","isPartOf":{"@id":"https:\/\/www.plataformadeartecontemporaneo.com\/pac\/#website"},"primaryImageOfPage":{"@id":"https:\/\/www.plataformadeartecontemporaneo.com\/pac\/artist-carousel-by-pac\/#primaryimage"},"image":{"@id":"https:\/\/www.plataformadeartecontemporaneo.com\/pac\/artist-carousel-by-pac\/#primaryimage"},"thumbnailUrl":"https:\/\/www.plataformadeartecontemporaneo.com\/pac\/wp-content\/uploads\/2020\/09\/Artist-Carousel-by-PAC-466x234.jpg","datePublished":"2020-09-24T13:19:36+00:00","dateModified":"2023-10-24T18:15:16+00:00","breadcrumb":{"@id":"https:\/\/www.plataformadeartecontemporaneo.com\/pac\/artist-carousel-by-pac\/#breadcrumb"},"inLanguage":"es","potentialAction":[{"@type":"ReadAction","target":["https:\/\/www.plataformadeartecontemporaneo.com\/pac\/artist-carousel-by-pac\/"]}]},{"@type":"ImageObject","inLanguage":"es","@id":"https:\/\/www.plataformadeartecontemporaneo.com\/pac\/artist-carousel-by-pac\/#primaryimage","url":"https:\/\/www.plataformadeartecontemporaneo.com\/pac\/wp-content\/uploads\/2020\/09\/Artist-Carousel-by-PAC.jpg","contentUrl":"https:\/\/www.plataformadeartecontemporaneo.com\/pac\/wp-content\/uploads\/2020\/09\/Artist-Carousel-by-PAC.jpg","width":2151,"height":1082},{"@type":"BreadcrumbList","@id":"https:\/\/www.plataformadeartecontemporaneo.com\/pac\/artist-carousel-by-pac\/#breadcrumb","itemListElement":[{"@type":"ListItem","position":1,"name":"Portada","item":"https:\/\/www.plataformadeartecontemporaneo.com\/pac\/"},{"@type":"ListItem","position":2,"name":"Artist Carousel by PAC"}]},{"@type":"WebSite","@id":"https:\/\/www.plataformadeartecontemporaneo.com\/pac\/#website","url":"https:\/\/www.plataformadeartecontemporaneo.com\/pac\/","name":"PAC","description":"Plataforma de Arte Contempor\u00e1neo","publisher":{"@id":"https:\/\/www.plataformadeartecontemporaneo.com\/pac\/#organization"},"potentialAction":[{"@type":"SearchAction","target":{"@type":"EntryPoint","urlTemplate":"https:\/\/www.plataformadeartecontemporaneo.com\/pac\/?s={search_term_string}"},"query-input":{"@type":"PropertyValueSpecification","valueRequired":true,"valueName":"search_term_string"}}],"inLanguage":"es"},{"@type":"Organization","@id":"https:\/\/www.plataformadeartecontemporaneo.com\/pac\/#organization","name":"PAC","url":"https:\/\/www.plataformadeartecontemporaneo.com\/pac\/","logo":{"@type":"ImageObject","inLanguage":"es","@id":"https:\/\/www.plataformadeartecontemporaneo.com\/pac\/#\/schema\/logo\/image\/","url":"https:\/\/www.plataformadeartecontemporaneo.com\/pac\/wp-content\/uploads\/2020\/10\/LOGO-PAC-FOOTER-TRANSPARENTE.png","contentUrl":"https:\/\/www.plataformadeartecontemporaneo.com\/pac\/wp-content\/uploads\/2020\/10\/LOGO-PAC-FOOTER-TRANSPARENTE.png","width":200,"height":48,"caption":"PAC"},"image":{"@id":"https:\/\/www.plataformadeartecontemporaneo.com\/pac\/#\/schema\/logo\/image\/"}}]}},"_links":{"self":[{"href":"https:\/\/www.plataformadeartecontemporaneo.com\/pac\/wp-json\/wp\/v2\/pages\/64682","targetHints":{"allow":["GET"]}}],"collection":[{"href":"https:\/\/www.plataformadeartecontemporaneo.com\/pac\/wp-json\/wp\/v2\/pages"}],"about":[{"href":"https:\/\/www.plataformadeartecontemporaneo.com\/pac\/wp-json\/wp\/v2\/types\/page"}],"author":[{"embeddable":true,"href":"https:\/\/www.plataformadeartecontemporaneo.com\/pac\/wp-json\/wp\/v2\/users\/1"}],"replies":[{"embeddable":true,"href":"https:\/\/www.plataformadeartecontemporaneo.com\/pac\/wp-json\/wp\/v2\/comments?post=64682"}],"version-history":[{"count":12,"href":"https:\/\/www.plataformadeartecontemporaneo.com\/pac\/wp-json\/wp\/v2\/pages\/64682\/revisions"}],"predecessor-version":[{"id":87926,"href":"https:\/\/www.plataformadeartecontemporaneo.com\/pac\/wp-json\/wp\/v2\/pages\/64682\/revisions\/87926"}],"wp:attachment":[{"href":"https:\/\/www.plataformadeartecontemporaneo.com\/pac\/wp-json\/wp\/v2\/media?parent=64682"}],"curies":[{"name":"wp","href":"https:\/\/api.w.org\/{rel}","templated":true}]}}