




{"id":97030,"date":"2024-11-07T20:12:54","date_gmt":"2024-11-07T19:12:54","guid":{"rendered":"https:\/\/www.plataformadeartecontemporaneo.com\/pac\/?page_id=97030"},"modified":"2024-11-07T20:14:03","modified_gmt":"2024-11-07T19:14:03","slug":"meet-point","status":"publish","type":"page","link":"https:\/\/www.plataformadeartecontemporaneo.com\/pac\/meet-point\/","title":{"rendered":"MEET POINT"},"content":{"rendered":"\n<p>PAC Plataforma de Arte Contempor\u00e1neo y Zona Cielo Films se unen para la creaci\u00f3n del proyecto&nbsp;<a href=\"https:\/\/www.youtube.com\/@MeetPointArt\">MEET POINT<\/a>, un nuevo canal de video que pretende acercar el arte contempor\u00e1neo y el trabajo de sus profesionales al gran p\u00fablico.<\/p>\n\n\n<div class=\"wp-block-image\">\n<figure class=\"aligncenter size-large\"><img fetchpriority=\"high\" decoding=\"async\" width=\"750\" height=\"145\" src=\"https:\/\/www.plataformadeartecontemporaneo.com\/pac\/wp-content\/uploads\/2024\/11\/MEETPOINT-LOGO-2024-PAC-750x145.jpg\" alt=\"\" class=\"wp-image-97032\" srcset=\"https:\/\/www.plataformadeartecontemporaneo.com\/pac\/wp-content\/uploads\/2024\/11\/MEETPOINT-LOGO-2024-PAC-750x145.jpg 750w, https:\/\/www.plataformadeartecontemporaneo.com\/pac\/wp-content\/uploads\/2024\/11\/MEETPOINT-LOGO-2024-PAC-600x116.jpg 600w, https:\/\/www.plataformadeartecontemporaneo.com\/pac\/wp-content\/uploads\/2024\/11\/MEETPOINT-LOGO-2024-PAC-768x149.jpg 768w, https:\/\/www.plataformadeartecontemporaneo.com\/pac\/wp-content\/uploads\/2024\/11\/MEETPOINT-LOGO-2024-PAC-1536x297.jpg 1536w, https:\/\/www.plataformadeartecontemporaneo.com\/pac\/wp-content\/uploads\/2024\/11\/MEETPOINT-LOGO-2024-PAC.jpg 2040w\" sizes=\"(max-width: 750px) 100vw, 750px\" \/><\/figure>\n<\/div>\n\n\n<p><strong>Archivo de videos de MEET POINT<\/strong><\/p>\n\n\n<ul class=\"lcp_catlist\" id=\"lcp_instance_0\"><li><a href=\"https:\/\/www.plataformadeartecontemporaneo.com\/pac\/ya-puedes-ver-completa-la-primera-temporada-de-meet-point\/\">Ya puedes ver completa la primera temporada de MEET POINT<\/a>Redacci\u00f3n<\/li><li><a href=\"https:\/\/www.plataformadeartecontemporaneo.com\/pac\/meet-point-cierra-su-primera-temporada-con-un-episodio-dedicado-a-la-galeria-the-ryder\/\">MEET POINT, cierra su primera temporada con un episodio dedicado a la galer\u00eda The RYDER<\/a>Redacci\u00f3n<\/li><li><a href=\"https:\/\/www.plataformadeartecontemporaneo.com\/pac\/meet-point-nuevo-episodio-de-estreno-dedicado-a-la-galeria-lucia-mendoza\/\">MEET POINT, nuevo episodio de estreno dedicado a la Galer\u00eda Luc\u00eda Mendoza<\/a>Redacci\u00f3n<\/li><li><a href=\"https:\/\/www.plataformadeartecontemporaneo.com\/pac\/meet-point-nuevo-episodio-dedicado-a-la-galeria-carlier-gebauer\/\">MEET POINT, nuevo episodio dedicado a la galer\u00eda Carlier | Gebauer<\/a>Redacci\u00f3n<\/li><li><a href=\"https:\/\/www.plataformadeartecontemporaneo.com\/pac\/meet-point-estrena-nuevo-episodio-dedicado-a-f2-galeria\/\">MEET POINT estrena nuevo episodio dedicado a F2 Galer\u00eda<\/a>Redacci\u00f3n<\/li><li><a href=\"https:\/\/www.plataformadeartecontemporaneo.com\/pac\/meet-point-estrena-su-tercer-capitulo-con-la-galeria-modus-operandi-como-protagonista\/\">MEET POINT estrena su tercer cap\u00edtulo con la Galer\u00eda Modus Operandi como protagonista<\/a>Redacci\u00f3n<\/li><li><a href=\"https:\/\/www.plataformadeartecontemporaneo.com\/pac\/meet-point-segundo-episodio-dedicado-a-arma-gallery\/\">MEET POINT: segundo episodio dedicado a ARMA GALLERY<\/a>Redacci\u00f3n<\/li><li><a href=\"https:\/\/www.plataformadeartecontemporaneo.com\/pac\/meet-point-estrena-su-primer-episodio-con-la-galeria-travesia-cuatro-como-protagonista\/\">MEET POINT, estrena su primer episodio con la galer\u00eda TRAVESIA CUATRO como protagonista<\/a>Redacci\u00f3n<\/li><li><a href=\"https:\/\/www.plataformadeartecontemporaneo.com\/pac\/meet-point-nuevo-canal-de-arte-contemporaneo\/\">MEET POINT, nuevo canal de arte contempor\u00e1neo<\/a>Redacci\u00f3n<\/li><\/ul>\n","protected":false},"excerpt":{"rendered":"<div class=\"tmnf_excerpt\"><p>PAC Plataforma de Arte Contempor\u00e1neo y Zona Cielo Films se unen para la creaci\u00f3n del proyecto&nbsp;MEET POINT, un nuevo canal de video que pretende acercar el arte contempor\u00e1neo y el trabajo de sus profesionales al gran p\u00fablico. Archivo de videos de MEET POINT<\/p>\n<\/div>","protected":false},"author":1,"featured_media":0,"parent":0,"menu_order":0,"comment_status":"closed","ping_status":"closed","template":"","meta":{"footnotes":""},"class_list":["post-97030","page","type-page","status-publish","hentry"],"yoast_head":"<!-- This site is optimized with the Yoast SEO plugin v27.4 - https:\/\/yoast.com\/product\/yoast-seo-wordpress\/ -->\n<title>PAC | MEET POINT<\/title>\n<meta name=\"robots\" content=\"index, follow, max-snippet:-1, max-image-preview:large, max-video-preview:-1\" \/>\n<link rel=\"canonical\" href=\"https:\/\/www.plataformadeartecontemporaneo.com\/pac\/meet-point\/\" \/>\n<meta property=\"og:locale\" content=\"es_ES\" \/>\n<meta property=\"og:type\" content=\"article\" \/>\n<meta property=\"og:title\" content=\"PAC | MEET POINT\" \/>\n<meta property=\"og:description\" content=\"PAC Plataforma de Arte Contempor\u00e1neo y Zona Cielo Films se unen para la creaci\u00f3n del proyecto&nbsp;MEET POINT, un nuevo canal de video que pretende acercar el arte contempor\u00e1neo y el trabajo de sus profesionales al gran p\u00fablico. Archivo de videos de MEET POINT\" \/>\n<meta property=\"og:url\" content=\"https:\/\/www.plataformadeartecontemporaneo.com\/pac\/meet-point\/\" \/>\n<meta property=\"og:site_name\" content=\"PAC\" \/>\n<meta property=\"article:modified_time\" content=\"2024-11-07T19:14:03+00:00\" \/>\n<meta property=\"og:image\" content=\"https:\/\/www.plataformadeartecontemporaneo.com\/pac\/wp-content\/uploads\/2024\/11\/MEETPOINT-LOGO-2024-PAC.jpg\" \/>\n\t<meta property=\"og:image:width\" content=\"2040\" \/>\n\t<meta property=\"og:image:height\" content=\"395\" \/>\n\t<meta property=\"og:image:type\" content=\"image\/jpeg\" \/>\n<meta name=\"twitter:label1\" content=\"Tiempo de lectura\" \/>\n\t<meta name=\"twitter:data1\" content=\"1 minuto\" \/>\n<script type=\"application\/ld+json\" class=\"yoast-schema-graph\">{\"@context\":\"https:\\\/\\\/schema.org\",\"@graph\":[{\"@type\":\"WebPage\",\"@id\":\"https:\\\/\\\/www.plataformadeartecontemporaneo.com\\\/pac\\\/meet-point\\\/\",\"url\":\"https:\\\/\\\/www.plataformadeartecontemporaneo.com\\\/pac\\\/meet-point\\\/\",\"name\":\"PAC | MEET POINT\",\"isPartOf\":{\"@id\":\"https:\\\/\\\/www.plataformadeartecontemporaneo.com\\\/pac\\\/#website\"},\"primaryImageOfPage\":{\"@id\":\"https:\\\/\\\/www.plataformadeartecontemporaneo.com\\\/pac\\\/meet-point\\\/#primaryimage\"},\"image\":{\"@id\":\"https:\\\/\\\/www.plataformadeartecontemporaneo.com\\\/pac\\\/meet-point\\\/#primaryimage\"},\"thumbnailUrl\":\"https:\\\/\\\/www.plataformadeartecontemporaneo.com\\\/pac\\\/wp-content\\\/uploads\\\/2024\\\/11\\\/MEETPOINT-LOGO-2024-PAC-750x145.jpg\",\"datePublished\":\"2024-11-07T19:12:54+00:00\",\"dateModified\":\"2024-11-07T19:14:03+00:00\",\"breadcrumb\":{\"@id\":\"https:\\\/\\\/www.plataformadeartecontemporaneo.com\\\/pac\\\/meet-point\\\/#breadcrumb\"},\"inLanguage\":\"es\",\"potentialAction\":[{\"@type\":\"ReadAction\",\"target\":[\"https:\\\/\\\/www.plataformadeartecontemporaneo.com\\\/pac\\\/meet-point\\\/\"]}]},{\"@type\":\"ImageObject\",\"inLanguage\":\"es\",\"@id\":\"https:\\\/\\\/www.plataformadeartecontemporaneo.com\\\/pac\\\/meet-point\\\/#primaryimage\",\"url\":\"https:\\\/\\\/www.plataformadeartecontemporaneo.com\\\/pac\\\/wp-content\\\/uploads\\\/2024\\\/11\\\/MEETPOINT-LOGO-2024-PAC.jpg\",\"contentUrl\":\"https:\\\/\\\/www.plataformadeartecontemporaneo.com\\\/pac\\\/wp-content\\\/uploads\\\/2024\\\/11\\\/MEETPOINT-LOGO-2024-PAC.jpg\",\"width\":2040,\"height\":395},{\"@type\":\"BreadcrumbList\",\"@id\":\"https:\\\/\\\/www.plataformadeartecontemporaneo.com\\\/pac\\\/meet-point\\\/#breadcrumb\",\"itemListElement\":[{\"@type\":\"ListItem\",\"position\":1,\"name\":\"Portada\",\"item\":\"https:\\\/\\\/www.plataformadeartecontemporaneo.com\\\/pac\\\/\"},{\"@type\":\"ListItem\",\"position\":2,\"name\":\"MEET POINT\"}]},{\"@type\":\"WebSite\",\"@id\":\"https:\\\/\\\/www.plataformadeartecontemporaneo.com\\\/pac\\\/#website\",\"url\":\"https:\\\/\\\/www.plataformadeartecontemporaneo.com\\\/pac\\\/\",\"name\":\"PAC\",\"description\":\"Plataforma de Arte Contempor\u00e1neo\",\"publisher\":{\"@id\":\"https:\\\/\\\/www.plataformadeartecontemporaneo.com\\\/pac\\\/#organization\"},\"potentialAction\":[{\"@type\":\"SearchAction\",\"target\":{\"@type\":\"EntryPoint\",\"urlTemplate\":\"https:\\\/\\\/www.plataformadeartecontemporaneo.com\\\/pac\\\/?s={search_term_string}\"},\"query-input\":{\"@type\":\"PropertyValueSpecification\",\"valueRequired\":true,\"valueName\":\"search_term_string\"}}],\"inLanguage\":\"es\"},{\"@type\":\"Organization\",\"@id\":\"https:\\\/\\\/www.plataformadeartecontemporaneo.com\\\/pac\\\/#organization\",\"name\":\"PAC\",\"url\":\"https:\\\/\\\/www.plataformadeartecontemporaneo.com\\\/pac\\\/\",\"logo\":{\"@type\":\"ImageObject\",\"inLanguage\":\"es\",\"@id\":\"https:\\\/\\\/www.plataformadeartecontemporaneo.com\\\/pac\\\/#\\\/schema\\\/logo\\\/image\\\/\",\"url\":\"https:\\\/\\\/www.plataformadeartecontemporaneo.com\\\/pac\\\/wp-content\\\/uploads\\\/2020\\\/10\\\/LOGO-PAC-FOOTER-TRANSPARENTE.png\",\"contentUrl\":\"https:\\\/\\\/www.plataformadeartecontemporaneo.com\\\/pac\\\/wp-content\\\/uploads\\\/2020\\\/10\\\/LOGO-PAC-FOOTER-TRANSPARENTE.png\",\"width\":200,\"height\":48,\"caption\":\"PAC\"},\"image\":{\"@id\":\"https:\\\/\\\/www.plataformadeartecontemporaneo.com\\\/pac\\\/#\\\/schema\\\/logo\\\/image\\\/\"}}]}<\/script>\n<!-- \/ Yoast SEO plugin. -->","yoast_head_json":{"title":"PAC | MEET POINT","robots":{"index":"index","follow":"follow","max-snippet":"max-snippet:-1","max-image-preview":"max-image-preview:large","max-video-preview":"max-video-preview:-1"},"canonical":"https:\/\/www.plataformadeartecontemporaneo.com\/pac\/meet-point\/","og_locale":"es_ES","og_type":"article","og_title":"PAC | MEET POINT","og_description":"PAC Plataforma de Arte Contempor\u00e1neo y Zona Cielo Films se unen para la creaci\u00f3n del proyecto&nbsp;MEET POINT, un nuevo canal de video que pretende acercar el arte contempor\u00e1neo y el trabajo de sus profesionales al gran p\u00fablico. Archivo de videos de MEET POINT","og_url":"https:\/\/www.plataformadeartecontemporaneo.com\/pac\/meet-point\/","og_site_name":"PAC","article_modified_time":"2024-11-07T19:14:03+00:00","og_image":[{"width":2040,"height":395,"url":"https:\/\/www.plataformadeartecontemporaneo.com\/pac\/wp-content\/uploads\/2024\/11\/MEETPOINT-LOGO-2024-PAC.jpg","type":"image\/jpeg"}],"twitter_misc":{"Tiempo de lectura":"1 minuto"},"schema":{"@context":"https:\/\/schema.org","@graph":[{"@type":"WebPage","@id":"https:\/\/www.plataformadeartecontemporaneo.com\/pac\/meet-point\/","url":"https:\/\/www.plataformadeartecontemporaneo.com\/pac\/meet-point\/","name":"PAC | MEET POINT","isPartOf":{"@id":"https:\/\/www.plataformadeartecontemporaneo.com\/pac\/#website"},"primaryImageOfPage":{"@id":"https:\/\/www.plataformadeartecontemporaneo.com\/pac\/meet-point\/#primaryimage"},"image":{"@id":"https:\/\/www.plataformadeartecontemporaneo.com\/pac\/meet-point\/#primaryimage"},"thumbnailUrl":"https:\/\/www.plataformadeartecontemporaneo.com\/pac\/wp-content\/uploads\/2024\/11\/MEETPOINT-LOGO-2024-PAC-750x145.jpg","datePublished":"2024-11-07T19:12:54+00:00","dateModified":"2024-11-07T19:14:03+00:00","breadcrumb":{"@id":"https:\/\/www.plataformadeartecontemporaneo.com\/pac\/meet-point\/#breadcrumb"},"inLanguage":"es","potentialAction":[{"@type":"ReadAction","target":["https:\/\/www.plataformadeartecontemporaneo.com\/pac\/meet-point\/"]}]},{"@type":"ImageObject","inLanguage":"es","@id":"https:\/\/www.plataformadeartecontemporaneo.com\/pac\/meet-point\/#primaryimage","url":"https:\/\/www.plataformadeartecontemporaneo.com\/pac\/wp-content\/uploads\/2024\/11\/MEETPOINT-LOGO-2024-PAC.jpg","contentUrl":"https:\/\/www.plataformadeartecontemporaneo.com\/pac\/wp-content\/uploads\/2024\/11\/MEETPOINT-LOGO-2024-PAC.jpg","width":2040,"height":395},{"@type":"BreadcrumbList","@id":"https:\/\/www.plataformadeartecontemporaneo.com\/pac\/meet-point\/#breadcrumb","itemListElement":[{"@type":"ListItem","position":1,"name":"Portada","item":"https:\/\/www.plataformadeartecontemporaneo.com\/pac\/"},{"@type":"ListItem","position":2,"name":"MEET POINT"}]},{"@type":"WebSite","@id":"https:\/\/www.plataformadeartecontemporaneo.com\/pac\/#website","url":"https:\/\/www.plataformadeartecontemporaneo.com\/pac\/","name":"PAC","description":"Plataforma de Arte Contempor\u00e1neo","publisher":{"@id":"https:\/\/www.plataformadeartecontemporaneo.com\/pac\/#organization"},"potentialAction":[{"@type":"SearchAction","target":{"@type":"EntryPoint","urlTemplate":"https:\/\/www.plataformadeartecontemporaneo.com\/pac\/?s={search_term_string}"},"query-input":{"@type":"PropertyValueSpecification","valueRequired":true,"valueName":"search_term_string"}}],"inLanguage":"es"},{"@type":"Organization","@id":"https:\/\/www.plataformadeartecontemporaneo.com\/pac\/#organization","name":"PAC","url":"https:\/\/www.plataformadeartecontemporaneo.com\/pac\/","logo":{"@type":"ImageObject","inLanguage":"es","@id":"https:\/\/www.plataformadeartecontemporaneo.com\/pac\/#\/schema\/logo\/image\/","url":"https:\/\/www.plataformadeartecontemporaneo.com\/pac\/wp-content\/uploads\/2020\/10\/LOGO-PAC-FOOTER-TRANSPARENTE.png","contentUrl":"https:\/\/www.plataformadeartecontemporaneo.com\/pac\/wp-content\/uploads\/2020\/10\/LOGO-PAC-FOOTER-TRANSPARENTE.png","width":200,"height":48,"caption":"PAC"},"image":{"@id":"https:\/\/www.plataformadeartecontemporaneo.com\/pac\/#\/schema\/logo\/image\/"}}]}},"_links":{"self":[{"href":"https:\/\/www.plataformadeartecontemporaneo.com\/pac\/wp-json\/wp\/v2\/pages\/97030","targetHints":{"allow":["GET"]}}],"collection":[{"href":"https:\/\/www.plataformadeartecontemporaneo.com\/pac\/wp-json\/wp\/v2\/pages"}],"about":[{"href":"https:\/\/www.plataformadeartecontemporaneo.com\/pac\/wp-json\/wp\/v2\/types\/page"}],"author":[{"embeddable":true,"href":"https:\/\/www.plataformadeartecontemporaneo.com\/pac\/wp-json\/wp\/v2\/users\/1"}],"replies":[{"embeddable":true,"href":"https:\/\/www.plataformadeartecontemporaneo.com\/pac\/wp-json\/wp\/v2\/comments?post=97030"}],"version-history":[{"count":3,"href":"https:\/\/www.plataformadeartecontemporaneo.com\/pac\/wp-json\/wp\/v2\/pages\/97030\/revisions"}],"predecessor-version":[{"id":97034,"href":"https:\/\/www.plataformadeartecontemporaneo.com\/pac\/wp-json\/wp\/v2\/pages\/97030\/revisions\/97034"}],"wp:attachment":[{"href":"https:\/\/www.plataformadeartecontemporaneo.com\/pac\/wp-json\/wp\/v2\/media?parent=97030"}],"curies":[{"name":"wp","href":"https:\/\/api.w.org\/{rel}","templated":true}]}}